{"id":1723,"date":"2019-09-23T15:58:48","date_gmt":"2019-09-23T14:58:48","guid":{"rendered":"http:\/\/kokukk.hu\/?page_id=1723"},"modified":"2019-09-23T15:59:29","modified_gmt":"2019-09-23T14:59:29","slug":"x-delszlav-tanchaz-2019-10-12","status":"publish","type":"page","link":"https:\/\/kokukk.hu\/?page_id=1723","title":{"rendered":"X. D\u00e9lszl\u00e1v t\u00e1nch\u00e1z &#8211; 2019. 10. 12."},"content":{"rendered":"\n<ul class=\"wp-block-gallery columns-1 is-cropped wp-block-gallery-1 is-layout-flex wp-block-gallery-is-layout-flex\"><li class=\"blocks-gallery-item\"><figure><img loading=\"lazy\" decoding=\"async\" width=\"547\" height=\"779\" src=\"http:\/\/kokukk.hu\/wp-content\/uploads\/2019\/09\/70981773_10218275910996571_8281712732223307776_n.jpg\" alt=\"\" data-id=\"1724\" class=\"wp-image-1724\" srcset=\"https:\/\/kokukk.hu\/wp-content\/uploads\/2019\/09\/70981773_10218275910996571_8281712732223307776_n.jpg 547w, https:\/\/kokukk.hu\/wp-content\/uploads\/2019\/09\/70981773_10218275910996571_8281712732223307776_n-211x300.jpg 211w, https:\/\/kokukk.hu\/wp-content\/uploads\/2019\/09\/70981773_10218275910996571_8281712732223307776_n-154x220.jpg 154w\" sizes=\"auto, (max-width: 547px) 100vw, 547px\" \/><\/figure><\/li><\/ul>\n","protected":false},"excerpt":{"rendered":"","protected":false},"author":1,"featured_media":0,"parent":0,"menu_order":0,"comment_status":"closed","ping_status":"closed","template":"","meta":{"footnotes":""},"class_list":["post-1723","page","type-page","status-publish","hentry"],"_links":{"self":[{"href":"https:\/\/kokukk.hu\/index.php?rest_route=\/wp\/v2\/pages\/1723","targetHints":{"allow":["GET"]}}],"collection":[{"href":"https:\/\/kokukk.hu\/index.php?rest_route=\/wp\/v2\/pages"}],"about":[{"href":"https:\/\/kokukk.hu\/index.php?rest_route=\/wp\/v2\/types\/page"}],"author":[{"embeddable":true,"href":"https:\/\/kokukk.hu\/index.php?rest_route=\/wp\/v2\/users\/1"}],"replies":[{"embeddable":true,"href":"https:\/\/kokukk.hu\/index.php?rest_route=%2Fwp%2Fv2%2Fcomments&post=1723"}],"version-history":[{"count":2,"href":"https:\/\/kokukk.hu\/index.php?rest_route=\/wp\/v2\/pages\/1723\/revisions"}],"predecessor-version":[{"id":1727,"href":"https:\/\/kokukk.hu\/index.php?rest_route=\/wp\/v2\/pages\/1723\/revisions\/1727"}],"wp:attachment":[{"href":"https:\/\/kokukk.hu\/index.php?rest_route=%2Fwp%2Fv2%2Fmedia&parent=1723"}],"curies":[{"name":"wp","href":"https:\/\/api.w.org\/{rel}","templated":true}]}}