{"id":1772,"date":"2023-03-08T15:38:28","date_gmt":"2023-03-08T14:38:28","guid":{"rendered":"https:\/\/kokukk.hu\/?page_id=1772"},"modified":"2023-03-08T15:40:25","modified_gmt":"2023-03-08T14:40:25","slug":"nevadonk-kodolanyi-janos","status":"publish","type":"page","link":"https:\/\/kokukk.hu\/?page_id=1772","title":{"rendered":"N\u00e9vad\u00f3nk, Kodol\u00e1nyi J\u00e1nos"},"content":{"rendered":"<div class=\"entry-content\">\n<p><strong>Alkot\u00f3k \u00e9s sztereot\u00edpi\u00e1k \u2013 Kodol\u00e1nyi J\u00e1nos kapcs\u00e1n<\/strong><\/p>\n<p style=\"text-align: justify;\">Kodol\u00e1nyi a huszadik sz\u00e1zadi pr\u00f3za\u00edr\u00f3knak ahhoz a vonulat\u00e1hoz tartozik, akiket mindeddig nem \u00e9rt\u00e9keltek m\u00e9lt\u00f3 hely\u00fck\u00f6n. Ut\u00f3\u00e9lete szempontj\u00e1b\u00f3l tal\u00e1n a legproblematikusabb vil\u00e1gn\u00e9zeti besorolhatatlans\u00e1ga, egym\u00e1ssal ellent\u00e9tes eszm\u00e9k egyes elemeinek kiv\u00e1laszt\u00e1sa \u00e9s beolvaszt\u00e1sa saj\u00e1t vil\u00e1gk\u00e9p\u00e9be. M\u00e1sfel\u0151l ez azt is bizony\u00edthatja, hogy volt b\u00e1tors\u00e1ga az ideol\u00f3gi\u00e1k m\u00e9ly\u00e9re n\u00e9zni, s l\u00e9trehozni saj\u00e1t elm\u00e9let\u00e9t a k\u00f6rnyez\u0151 vil\u00e1gr\u00f3l. A rendszerv\u00e1ltoztat\u00e1s el\u0151tt jelent\u0151sen g\u00e1tolta befogad\u00e1s\u00e1t az a t\u00e9ny, hogy a szocializmus uralkod\u00f3 eszt\u00e9tik\u00e1j\u00e1val ellent\u00e9tes volt nemcsak m\u0171v\u00e9szetfelfog\u00e1sa, hanem eg\u00e9sz \u00e9let- \u00e9s vil\u00e1gszeml\u00e9lete is. K\u00e9s\u0151bb a posztmodern irodalmi ir\u00e1nyzatokhoz k\u00e9pest elbesz\u00e9l\u0151i attit\u0171dje elavultnak t\u0171nt, \u00edgy a kev\u00e9sb\u00e9 prefer\u00e1ltak k\u00f6z\u00e9 ker\u00fclt.<\/p>\n<p style=\"text-align: justify;\">Kodol\u00e1nyi J\u00e1nos Telkiben, nagypolg\u00e1ri csal\u00e1dban l\u00e1tta meg a napvil\u00e1got. Apja k\u00f6zalap\u00edtv\u00e1nyi f\u0151erd\u00e9sz volt, sz\u00fcletett m\u00e9g egy l\u00e1nya, feles\u00e9g\u00e9t\u0151l kor\u00e1n elv\u00e1lt. 1903-t\u00f3l a csal\u00e1d Barany\u00e1ban \u00e9lt P\u00e9csv\u00e1radon \u00e9s Vajszl\u00f3n, az \u00edr\u00f3 ezt a vid\u00e9ket tekintette sz\u00fcl\u0151f\u00f6ldj\u00e9nek. Apja m\u00e1sodik h\u00e1zass\u00e1ga is boldogtalans\u00e1gba torkollt. Kodol\u00e1nyi 1921-ben n\u0151s\u00fclt meg, s apj\u00e1val v\u00e9glegesen szak\u00edtott, jelk\u00e9pesen egy t\u00e1rsadalmi oszt\u00e1llyal \u00e9s sz\u00fclei gener\u00e1ci\u00f3j\u00e1val.<\/p>\n<p style=\"text-align: justify;\">Az \u00edr\u00f3 szellemi-eszmei t\u00e1j\u00e9koz\u00f3d\u00e1s\u00e1nak \u00f6sszetetts\u00e9ge az \u0151t \u00e9rt hat\u00e1sok \u00e1ttekint\u00e9s\u00e9vel \u00e9rtelmezhet\u0151. Szem\u00e9lyis\u00e9g\u00e9nek kardin\u00e1lis von\u00e1sa, hogy sohasem tudott egyet\u00e9rteni semmif\u00e9le rendszerrel, nem volt el\u0151tte olyan tekint\u00e9ly, amit meg ne fricsk\u00e1zott volna. Minden l\u00e1t\u00f3ter\u00e9be ker\u00fcl\u0151 jelens\u00e9get aszerint \u00edt\u00e9lt meg, hogy az mik\u00e9ppen viszonyul az \u00e1ltala isteni eredet\u0171nek tartott abszol\u00fatumhoz.<\/p>\n<p style=\"text-align: justify;\">Az 1920-as \u00e9vekben Kodol\u00e1nyi k\u00fcl\u00f6nf\u00e9le baloldali \u00fatkeres\u0151 \u00edr\u00f3i t\u00f6m\u00f6r\u00fcl\u00e9sek tagja, ez id\u0151 t\u00e1jt szocialist\u00e1nak vallotta mag\u00e1t, a dialektikus materializmus h\u00edve, kapcsolatot tartott a munk\u00e1smozgalommal. A harmincas \u00e9vek elej\u00e9n azonban J\u00f3zsef Attil\u00e1val egy id\u0151ben szak\u00edtott az illeg\u00e1lis kommunista p\u00e1rttal. J\u00f3zsef Attil\u00e1t a szocialista \u00e9r\u00e1ban egy\u00e9rtelm\u0171en munk\u00e1smozgalmi k\u00f6lt\u0151nek \u00e1ll\u00edtott\u00e1k be, nem hangoztatt\u00e1k a bolsevizmust el\u00edt\u00e9l\u0151 v\u00e9lem\u00e9ny\u00e9t, istenes verseit egyenesen elhallgatt\u00e1k. 1990 ut\u00e1n siker\u00fclt \u00fajra\u00e9rtelmezni k\u00f6lt\u00e9szet\u00e9t, m\u0171veit \u00faj befogad\u00e1si szempontok szerint \u00e9rt\u00e9kelni, ez a fordulat az irodalomtan\u00edt\u00e1sban is \u00e9rz\u00e9kelhet\u0151.<\/p>\n<p style=\"text-align: justify;\">Kodol\u00e1nyinak m\u00e1r di\u00e1kkor\u00e1ban kez\u00e9be ker\u00fclt Freud egyik k\u00f6nyve, <i>A mindennapi \u00e9let pszichopatol\u00f3gi\u00e1ja<\/i>, egy id\u0151ben pszichoanalitikushoz is j\u00e1rt. Pszichol\u00f3giai m\u0171velts\u00e9ge nagyban hozz\u00e1j\u00e1rult m\u00e1sok behat\u00f3bb megismer\u00e9s\u00e9hez, de \u00f6nmaga jobb megfigyel\u00e9s\u00e9hez is. Marxista \u00e9veit k\u00f6vet\u0151en visszat\u00e9rt a kereszt\u00e9nys\u00e9g eszmek\u00f6r\u00e9hez, a reform\u00e1ci\u00f3ban l\u00e1tta, f\u0151k\u00e9nt a magyar k\u00e1lvinizmusban a k\u00f6z\u00e9pkori szerzetesmozgalmak t\u00f6rekv\u00e9seinek tov\u00e1bbvitel\u00e9t. <i>Teh\u00e1t gondolatvil\u00e1g\u00e1ban megf\u00e9rt a baloldalis\u00e1g, az elnyomottak ir\u00e1nti szolidarit\u00e1s, a pszichoanal\u00edzis kedvel\u00e9se, \u00e9s a kereszt\u00e9ny tanok tisztelete<\/i>.<\/p>\n<p style=\"text-align: justify;\">Kodol\u00e1nyi k\u00f6nnyen k\u00f6t\u00f6tt \u00e9s bontott ismerets\u00e9geket, az \u00edr\u00f3k k\u00f6z\u00fcl Szab\u00f3 L\u0151rinccel val\u00f3 bar\u00e1ts\u00e1ga a legm\u00e9lyebb \u00e9s legtart\u00f3sabb. K\u00f6z\u00f6s szerkeszt\u0151s\u00e9gben is dolgoztak az 1930-as \u00e9vekben a Magyarorsz\u00e1g napilapn\u00e1l, valamint az indul\u00f3 V\u00e1lasz foly\u00f3iratn\u00e1l. Bar\u00e1ts\u00e1guk a harmincas \u00e9vek m\u00e1sodik fel\u00e9ben v\u00e1lt konfliktusokkal terheltebb\u00e9, mivel m\u00e1sk\u00e9ppen v\u00e9lekedtek a n\u00e1ci N\u00e9metorsz\u00e1gr\u00f3l, \u00e9s a magyarorsz\u00e1gi n\u00e9met kisebbs\u00e9g politikai szerep\u00e9r\u0151l. Szab\u00f3 L\u0151rinc nem ellenezte oly hat\u00e1rozottan a n\u00e9met terjeszked\u00e9st, mint Kodol\u00e1nyi.<\/p>\n<p style=\"text-align: justify;\">Kodol\u00e1nyi <i>Z\u00e1rt t\u00e1rgyal\u00e1s<\/i> c\u00edm\u0171 \u00edr\u00e1s\u00e1t 1943. m\u00e1jus 20-\u00e1n fejezte be Balatonakaratty\u00e1n, amikor a tiszt\u00e1n l\u00e1t\u00f3k el\u0151tt m\u00e1r nem volt k\u00e9ts\u00e9ges a m\u00e1sodik vil\u00e1gh\u00e1bor\u00fa kimenetele, a hitleri Harmadik Birodalom \u00f6sszeoml\u00e1sa, hiszen a n\u00e9met hadsereg Szt\u00e1lingr\u00e1dn\u00e1l d\u00f6nt\u0151 csat\u00e1t vesztett. Egy b\u00edr\u00f3s\u00e1gi dr\u00e1ma adja a keret\u00e9t eszm\u00e9k \u00e9s ideol\u00f3gi\u00e1k \u00f6sszecsap\u00e1s\u00e1nak. A titkos per v\u00e1dlottj\u00e1t kihallgat\u00e1sra viszik, ahol \u00f6sszes m\u0171veinek halm\u00e1val szembes\u00fcl. A b\u00edr\u00f3s\u00e1g h\u00e1rom tagja egy-egy XX. sz\u00e1zadi ideol\u00f3gi\u00e1t testes\u00edt meg: a n\u00e1ci, a bolsevik \u00e9s a liber\u00e1lis, kapitalista nagypolg\u00e1r m\u00e1s-m\u00e1s n\u00e9z\u0151pontb\u00f3l, de mind el\u00edt\u00e9lik az \u00edr\u00f3t. A v\u00e1dlott v\u00e9lem\u00e9nye a XX. sz\u00e1zad els\u0151 fel\u00e9ben sz\u00fcletett k\u00e9t vezet\u0151 ideol\u00f3gi\u00e1r\u00f3l, a fasizmusr\u00f3l \u00e9s a kommunizmusr\u00f3l: megegyeznek abban, hogy nem tartalmaznak transzcendens elemeket, vagyis n\u00e9lk\u00fcl\u00f6zik a kult\u00far\u00e1t, ami az \u0151 v\u00e9lem\u00e9nye szerint az ember szimb\u00f3lumteremt\u0151 k\u00e9pess\u00e9g\u00e9nek megnyilv\u00e1nul\u00e1sa. Mindkett\u0151 a technokrata civiliz\u00e1ci\u00f3 egy-egy t\u00edpusa, ak\u00e1rcsak az angolsz\u00e1sz liberalizmus, ahogy \u0151 nevezi, plutokr\u00e1cia. A h\u00e1rom b\u00edr\u00f3 k\u00e9nytelen szembes\u00fclni azzal, hogy az \u00edr\u00f3 ideol\u00f3gi\u00e1jukat, vil\u00e1gszeml\u00e9let\u00fcket nemcsak megk\u00e9rd\u0151jelezi, de \u00e9rv\u00e9nytelen\u00edti is. Veszedelmes n\u00e9zetei miatt mindh\u00e1rman hal\u00e1lra \u00edt\u00e9lik. Ebben a m\u0171v\u00e9ben <i>Kodol\u00e1nyi egy\u00e9rtelm\u0171en elhat\u00e1rol\u00f3dott mindenf\u00e9le olyan ideol\u00f3gi\u00e1t\u00f3l, ami az emberi \u00e9letet<\/i> <i>nem mint \u00f6n\u00e9rt\u00e9ket n\u00e9zi, al\u00e1rendeli a hum\u00e1numt\u00f3l idegen, kre\u00e1lt szab\u00e1lyoknak<\/i>. J\u00f3 lenne, ha Kodol\u00e1nyi kiker\u00fclne a n\u00e9pi \u00edr\u00f3, a jobboldali \u00edr\u00f3 \u2013 az \u00edr\u00f3 m\u0171veinek nem ismeret\u00e9n alapul\u00f3 \u2013 skatuly\u00e1b\u00f3l.<\/p>\n<p align=\"right\"><b>Sulyok Bernadett<br \/>\n<\/b><\/p>\n<blockquote>\n<p align=\"left\"><b>(A szerz\u0151 irodalomt\u00f6rt\u00e9n\u00e9sz, a Pet\u0151fi Irodalmi M\u00fazeum f\u0151munkat\u00e1rsa, Kodol\u00e1nyi \u2013kutat\u00f3k\u00e9nt egy\u00fcttm\u0171k\u00f6dik a KOKUKK Egyes\u00fclettel, annak megalakul\u00e1sa \u00f3ta.)<\/b><\/p>\n<\/blockquote>\n<\/div>\n","protected":false},"excerpt":{"rendered":"<p>Alkot\u00f3k \u00e9s sztereot\u00edpi\u00e1k \u2013 Kodol\u00e1nyi J\u00e1nos kapcs\u00e1n Kodol\u00e1nyi a huszadik sz\u00e1zadi pr\u00f3za\u00edr\u00f3knak ahhoz a vonulat\u00e1hoz tartozik, akiket mindeddig nem \u00e9rt\u00e9keltek m\u00e9lt\u00f3 hely\u00fck\u00f6n. Ut\u00f3\u00e9lete szempontj\u00e1b\u00f3l tal\u00e1n a legproblematikusabb vil\u00e1gn\u00e9zeti besorolhatatlans\u00e1ga, egym\u00e1ssal ellent\u00e9tes eszm\u00e9k egyes elemeinek kiv\u00e1laszt\u00e1sa \u00e9s beolvaszt\u00e1sa saj\u00e1t vil\u00e1gk\u00e9p\u00e9be. M\u00e1sfel\u0151l ez azt is bizony\u00edthatja, hogy volt b\u00e1tors\u00e1ga az ideol\u00f3gi\u00e1k m\u00e9ly\u00e9re n\u00e9zni, s l\u00e9trehozni saj\u00e1t elm\u00e9let\u00e9t [&hellip;]<\/p>\n","protected":false},"author":1,"featured_media":0,"parent":0,"menu_order":0,"comment_status":"closed","ping_status":"closed","template":"","meta":{"footnotes":""},"class_list":["post-1772","page","type-page","status-publish","hentry"],"_links":{"self":[{"href":"https:\/\/kokukk.hu\/index.php?rest_route=\/wp\/v2\/pages\/1772","targetHints":{"allow":["GET"]}}],"collection":[{"href":"https:\/\/kokukk.hu\/index.php?rest_route=\/wp\/v2\/pages"}],"about":[{"href":"https:\/\/kokukk.hu\/index.php?rest_route=\/wp\/v2\/types\/page"}],"author":[{"embeddable":true,"href":"https:\/\/kokukk.hu\/index.php?rest_route=\/wp\/v2\/users\/1"}],"replies":[{"embeddable":true,"href":"https:\/\/kokukk.hu\/index.php?rest_route=%2Fwp%2Fv2%2Fcomments&post=1772"}],"version-history":[{"count":2,"href":"https:\/\/kokukk.hu\/index.php?rest_route=\/wp\/v2\/pages\/1772\/revisions"}],"predecessor-version":[{"id":1775,"href":"https:\/\/kokukk.hu\/index.php?rest_route=\/wp\/v2\/pages\/1772\/revisions\/1775"}],"wp:attachment":[{"href":"https:\/\/kokukk.hu\/index.php?rest_route=%2Fwp%2Fv2%2Fmedia&parent=1772"}],"curies":[{"name":"wp","href":"https:\/\/api.w.org\/{rel}","templated":true}]}}