{"id":1776,"date":"2023-03-08T15:41:30","date_gmt":"2023-03-08T14:41:30","guid":{"rendered":"https:\/\/kokukk.hu\/?page_id=1776"},"modified":"2023-03-08T15:41:30","modified_gmt":"2023-03-08T14:41:30","slug":"oreg-tolgy-erdei-tanosveny","status":"publish","type":"page","link":"https:\/\/kokukk.hu\/?page_id=1776","title":{"rendered":"\u00d6reg T\u00f6lgy Erdei Tan\u00f6sv\u00e9ny"},"content":{"rendered":"<p>A Budai hegyek d\u00e9lnyugati l\u00e1b\u00e1n\u00e1l, \u00e9s a Zs\u00e1mb\u00e9ki-medence keleti sz\u00e9l\u00e9n tal\u00e1lhat\u00f3 tan\u00f6sv\u00e9ny 2011-ben l\u00e9tes\u00fclt. A kiindul\u00f3 pontt\u00f3l \u00e9szaki \u00e9s keleti ir\u00e1nyban a Budai-hegys\u00e9g erd\u0151s t\u00f6mbje ter\u00fcl el, d\u00e9li \u00e9s nyugati ir\u00e1nyban pedig a Zs\u00e1mb\u00e9ki-medenc\u00e9re ny\u00edlik kil\u00e1t\u00e1s.<\/p>\n<p>Az \u00fatvonal kb. 2,9 km hossz\u00fa, a szintk\u00fcl\u00f6nbs\u00e9g: 150 m, bej\u00e1r\u00e1sa kb. 1,5 \u00f3r\u00e1t vesz ig\u00e9nybe. Budajen\u0151 valamint Telki k\u00f6rny\u00e9k\u00e9nek term\u00e9szeti \u00e9rt\u00e9keit mutatja be. A hely b\u0151velkedik term\u00e9szeti l\u00e1tnival\u00f3kban, felfedez\u00e9se, megismer\u00e9se igazi \u00e9lm\u00e9nyt ny\u00fajt kicsiknek \u00e9s nagyoknak egyar\u00e1nt. Ehhez a megismer\u00e9shez ny\u00fajt seg\u00edts\u00e9get a tan\u00f6sv\u00e9ny.<\/p>\n<p>A t\u00e1j\u00e9koz\u00f3d\u00e1st \u00fatir\u00e1nyjelz\u0151 oszlopok, \u00e9s felfestett jelek seg\u00edtik, a t\u00e9rk\u00e9p \u00e9s a tan\u00f6sv\u00e9ny-vezet\u0151 f\u00fczet, pedig b\u0151vebb ismeretekhez juttat benn\u00fcnket.<\/p>\n<p>A tan\u00f6sv\u00e9ny \u00e1llom\u00e1sait t\u00e1j\u00e9koztat\u00f3 t\u00e1bl\u00e1k \u00e9s jelz\u0151oszlopok jel\u00f6lik.<\/p>\n<p><strong>\u00c1llom\u00e1shelyek:<\/strong><\/p>\n<p>Ind\u00edt\u00f3 \u00e1llom\u00e1s<\/p>\n<ol>\n<li>Az erd\u0151 madarai- Od\u00fatelep<\/li>\n<li>T\u00f6lgyeseink n\u00f6v\u00e9nyvil\u00e1ga<\/li>\n<li>F\u00e9lsz\u00e1raz kasz\u00e1l\u00f3r\u00e9t \u2013 \u00cdzeltl\u00e1b\u00faak<\/li>\n<li>Nagyvadak, vadgazd\u00e1lkod\u00e1s<\/li>\n<li>Erd\u0151gazd\u00e1lkod\u00e1s<\/li>\n<li>Lejt\u0151sztyeppr\u00e9t \u2013 H\u00fcll\u0151k, k\u00e9t\u00e9lt\u0171ek<\/li>\n<li>M\u00e9sz-, \u00e9s melegkedvel\u0151 molyhos t\u00f6lgyes erd\u0151<\/li>\n<li>\u00d6reg t\u00f6lgy<\/li>\n<li>Gomb\u00e1k<\/li>\n<\/ol>\n<p><strong>Fontos tudnival\u00f3k:<\/strong><\/p>\n<p>A t\u00falnyom\u00f3an erd\u0151 bor\u00edtotta ter\u00fclet orsz\u00e1gos term\u00e9szetv\u00e9delmi oltalomban r\u00e9szes\u00fcl, r\u00e9sze az 1978-ban alakult Budai T\u00e1jv\u00e9delmi K\u00f6rzetnek, valamint az EU k\u00f6z\u00f6ss\u00e9gi jelent\u0151s\u00e9g\u0171 \u00f6kol\u00f3giai h\u00e1l\u00f3zat\u00e1nak, a Natura 2000 h\u00e1l\u00f3zatnak.<\/p>\n<p>Az erd\u0151-, \u00e9s a vad\u00e1llom\u00e1ny vagyonkezel\u0151je a Pilisi Parkerd\u0151 Zrt., term\u00e9szetv\u00e9delmi kezel\u0151je Duna-Ipoly Nemzeti Park Igazgat\u00f3s\u00e1g.<\/p>\n<p>Fel kell k\u00e9sz\u00fclni arra, hogy az erd\u0151ben nincs kijel\u00f6lt szem\u00e9tgy\u0171jt\u0151, ez\u00e9rt k\u00e9rj\u00fck, vigye haza a szemet\u00e9t, \u00e9s dobja az otthoni szelekt\u00edv gy\u0171jt\u0151be!<\/p>\n<p>Ne feledje! Term\u00e9szetv\u00e9delmi szempontb\u00f3l kiemelt jelent\u0151s\u00e9g\u0171 helyen j\u00e1r, ez\u00e9rt fokozottan kell vigy\u00e1zni a term\u00e9szet \u00e9ps\u00e9g\u00e9re, nyugalm\u00e1ra. Ez\u00e9rt k\u00e9rj\u00fck, ne hagyja el a kitaposott \u00f6sv\u00e9nyt, \u00e9s hangos kiab\u00e1l\u00e1ssal ne zavarja az erd\u0151 csendj\u00e9t, \u00e9l\u0151vil\u00e1g\u00e1nak nyugalm\u00e1t! Ezzel hozz\u00e1j\u00e1rul ahhoz, hogy unok\u00e1ink is term\u00e9szeti \u00e9rt\u00e9kekben gazdag, mad\u00e1rdalos erd\u0151ben t\u00far\u00e1zzanak.<\/p>\n<p>A tan\u00f6sv\u00e9ny tulajdonosa \u00e9s fenntart\u00f3ja: Telki \u00d6nkorm\u00e1nyzata \u2013 2089 Telki, Pet\u0151fi S. u. 1.<\/p>\n<p>Tel: 06-26-372-031<\/p>\n<p>A tan\u00f6sv\u00e9ny l\u00e9trehoz\u00e1s\u00e1ban k\u00f6zrem\u0171k\u00f6d\u00f6tt:<\/p>\n<ul>\n<li>Telki \u00d6nkorm\u00e1nyzat, \u00d3voda-Iskola Telkiben, \u00dat Eur\u00f3p\u00e1ba Alap\u00edtv\u00e1ny,<\/li>\n<li>KOKUKK Egyes\u00fclet,<\/li>\n<li>Pilisi Parkerd\u0151 Zrt.,<\/li>\n<li>Duna-Ipoly Nemzeti Park Igazgat\u00f3s\u00e1g,<\/li>\n<li>Magyar Mad\u00e1rtani \u00e9s Term\u00e9szetv\u00e9delmi Egyes\u00fclet,<\/li>\n<li>Budavid\u00e9k Z\u00f6ld\u00fat Sz\u00f6vets\u00e9g<\/li>\n<li>Vid\u00e9kfejleszt\u00e9si Miniszt\u00e9rium Z\u00f6ld Forr\u00e1s programja<\/li>\n<\/ul>\n","protected":false},"excerpt":{"rendered":"<p>A Budai hegyek d\u00e9lnyugati l\u00e1b\u00e1n\u00e1l, \u00e9s a Zs\u00e1mb\u00e9ki-medence keleti sz\u00e9l\u00e9n tal\u00e1lhat\u00f3 tan\u00f6sv\u00e9ny 2011-ben l\u00e9tes\u00fclt. A kiindul\u00f3 pontt\u00f3l \u00e9szaki \u00e9s keleti ir\u00e1nyban a Budai-hegys\u00e9g erd\u0151s t\u00f6mbje ter\u00fcl el, d\u00e9li \u00e9s nyugati ir\u00e1nyban pedig a Zs\u00e1mb\u00e9ki-medenc\u00e9re ny\u00edlik kil\u00e1t\u00e1s. Az \u00fatvonal kb. 2,9 km hossz\u00fa, a szintk\u00fcl\u00f6nbs\u00e9g: 150 m, bej\u00e1r\u00e1sa kb. 1,5 \u00f3r\u00e1t vesz ig\u00e9nybe. Budajen\u0151 valamint Telki [&hellip;]<\/p>\n","protected":false},"author":1,"featured_media":0,"parent":0,"menu_order":0,"comment_status":"closed","ping_status":"closed","template":"","meta":{"footnotes":""},"class_list":["post-1776","page","type-page","status-publish","hentry"],"_links":{"self":[{"href":"https:\/\/kokukk.hu\/index.php?rest_route=\/wp\/v2\/pages\/1776","targetHints":{"allow":["GET"]}}],"collection":[{"href":"https:\/\/kokukk.hu\/index.php?rest_route=\/wp\/v2\/pages"}],"about":[{"href":"https:\/\/kokukk.hu\/index.php?rest_route=\/wp\/v2\/types\/page"}],"author":[{"embeddable":true,"href":"https:\/\/kokukk.hu\/index.php?rest_route=\/wp\/v2\/users\/1"}],"replies":[{"embeddable":true,"href":"https:\/\/kokukk.hu\/index.php?rest_route=%2Fwp%2Fv2%2Fcomments&post=1776"}],"version-history":[{"count":1,"href":"https:\/\/kokukk.hu\/index.php?rest_route=\/wp\/v2\/pages\/1776\/revisions"}],"predecessor-version":[{"id":1778,"href":"https:\/\/kokukk.hu\/index.php?rest_route=\/wp\/v2\/pages\/1776\/revisions\/1778"}],"wp:attachment":[{"href":"https:\/\/kokukk.hu\/index.php?rest_route=%2Fwp%2Fv2%2Fmedia&parent=1776"}],"curies":[{"name":"wp","href":"https:\/\/api.w.org\/{rel}","templated":true}]}}