{"id":1779,"date":"2023-03-08T15:42:14","date_gmt":"2023-03-08T14:42:14","guid":{"rendered":"https:\/\/kokukk.hu\/?page_id=1779"},"modified":"2023-03-08T15:42:14","modified_gmt":"2023-03-08T14:42:14","slug":"tulipanok","status":"publish","type":"page","link":"https:\/\/kokukk.hu\/?page_id=1779","title":{"rendered":"Tulip\u00e1nok"},"content":{"rendered":"<p>Gondolt\u00e1k volna, hogy a XVII. sz\u00e1zadban megesett, hogy egyetlen tulip\u00e1nhagym\u00e1\u00e9rt 5 hekt\u00e1r f\u00f6ldet adtak? Szerencs\u00e9re a \u201ctulip\u00e1nhagyma gazdas\u00e1gi lufi\u201d r\u00e9g kipukkant, \u00e9s ma m\u00e1r mindenki sz\u00e1mra megfizethet\u0151 a tulip\u00e1nhagyma, azonban val\u00f3di, eg\u00e9szs\u00e9ges, Hollandi\u00e1ban nemes\u00edtett p\u00e9ld\u00e1nyokat nem sok magyarorsz\u00e1gi telep\u00fcl\u00e9sen l\u00e1thatunk.<\/p>\n<p>Telki \u00fcde kiv\u00e9tel, ugyanis falunkat \u00fajra megsz\u00ednes\u00edti holland adom\u00e1nyoz\u00f3nk. M\u00e1r csak el kell \u00fcltetn\u00fcnk a hagym\u00e1kat! Jan-Willem van den Akker 2007-ben azzal az \u00f6tlettel \u00e1ll\u00edtott be a Telki \u00d6nkorm\u00e1nyzathoz, hogy tulip\u00e1nhagym\u00e1kat aj\u00e1nd\u00e9kozna falunk k\u00f6zter\u00fcleteire. Az\u00e9rt tulip\u00e1nhagym\u00e1kat, mert holland sz\u00fclet\u00e9s\u0171, az\u00e9rt Telkinek, mert \u00e9vek \u00f3ta a faluban \u00e9l, \u00e9s itthon \u00e9rzi itt mag\u00e1t, \u00e9s az\u00e9rt aj\u00e1nd\u00e9koz\u00e1s, mert az sz\u00e9p polg\u00e1ri gesztus. A 2300 tulip\u00e1nhagym\u00e1t november 17-\u00e9n, szombaton \u00fcltette el sok-sok telki polg\u00e1r. Ekkor m\u00e1r el\u00e9g zord volt az id\u0151, de az \u00f6nk\u00e9ntesek rettenthetetlenek \u00e9s j\u00f3kedv\u0171ek voltak. A tulip\u00e1nok a k\u00f6vetkez\u0151 tavaszon kivirultak, \u00e9s heteken \u00e1t b\u00fcszk\u00e9n gy\u00f6ny\u00f6rk\u00f6dt\u00fcnk benn\u00fck. \u00c9s azt\u00e1n \u00e9vr\u0151l-\u00e9vre ism\u00e9t. (A tulip\u00e1nokban lehet b\u00edzni.)<\/p>\n<p>Egy \u00e9v m\u00falva, 2008. november 8-\u00e1n t\u00f6bb mint \u00f6tezer vir\u00e1ghagym\u00e1t, j\u00e1cintokat, kr\u00f3kuszokat, tulip\u00e1nokat \u00fcltett\u00fcnk el faluszerte, ism\u00e9t Jan j\u00f3volt\u00e1b\u00f3l.<\/p>\n<p>2012. november 17-\u00e9n \u00fajra t\u00f6bb ezer hollandus vir\u00e1ghagym\u00e1t \u00fcltett\u00fcnk el a falu meg\u00fajult k\u00f6zter\u00fcletein (ez v\u00e9letlen\u00fcl \u00e9ppen az els\u0151 \u00fcltet\u00e9s 5. \u00e9vfordul\u00f3ja volt). Az \u00f6nk\u00e9ntes tulip\u00e1n\u00fcltet\u0151ket f\u00e9l 10-kor v\u00e1rtuk az iskola el\u0151tti parkol\u00f3ban.<\/p>\n","protected":false},"excerpt":{"rendered":"<p>Gondolt\u00e1k volna, hogy a XVII. sz\u00e1zadban megesett, hogy egyetlen tulip\u00e1nhagym\u00e1\u00e9rt 5 hekt\u00e1r f\u00f6ldet adtak? Szerencs\u00e9re a \u201ctulip\u00e1nhagyma gazdas\u00e1gi lufi\u201d r\u00e9g kipukkant, \u00e9s ma m\u00e1r mindenki sz\u00e1mra megfizethet\u0151 a tulip\u00e1nhagyma, azonban val\u00f3di, eg\u00e9szs\u00e9ges, Hollandi\u00e1ban nemes\u00edtett p\u00e9ld\u00e1nyokat nem sok magyarorsz\u00e1gi telep\u00fcl\u00e9sen l\u00e1thatunk. Telki \u00fcde kiv\u00e9tel, ugyanis falunkat \u00fajra megsz\u00ednes\u00edti holland adom\u00e1nyoz\u00f3nk. M\u00e1r csak el kell \u00fcltetn\u00fcnk a [&hellip;]<\/p>\n","protected":false},"author":1,"featured_media":0,"parent":0,"menu_order":0,"comment_status":"closed","ping_status":"closed","template":"","meta":{"footnotes":""},"class_list":["post-1779","page","type-page","status-publish","hentry"],"_links":{"self":[{"href":"https:\/\/kokukk.hu\/index.php?rest_route=\/wp\/v2\/pages\/1779","targetHints":{"allow":["GET"]}}],"collection":[{"href":"https:\/\/kokukk.hu\/index.php?rest_route=\/wp\/v2\/pages"}],"about":[{"href":"https:\/\/kokukk.hu\/index.php?rest_route=\/wp\/v2\/types\/page"}],"author":[{"embeddable":true,"href":"https:\/\/kokukk.hu\/index.php?rest_route=\/wp\/v2\/users\/1"}],"replies":[{"embeddable":true,"href":"https:\/\/kokukk.hu\/index.php?rest_route=%2Fwp%2Fv2%2Fcomments&post=1779"}],"version-history":[{"count":1,"href":"https:\/\/kokukk.hu\/index.php?rest_route=\/wp\/v2\/pages\/1779\/revisions"}],"predecessor-version":[{"id":1781,"href":"https:\/\/kokukk.hu\/index.php?rest_route=\/wp\/v2\/pages\/1779\/revisions\/1781"}],"wp:attachment":[{"href":"https:\/\/kokukk.hu\/index.php?rest_route=%2Fwp%2Fv2%2Fmedia&parent=1779"}],"curies":[{"name":"wp","href":"https:\/\/api.w.org\/{rel}","templated":true}]}}