{"id":1782,"date":"2023-03-08T15:42:28","date_gmt":"2023-03-08T14:42:28","guid":{"rendered":"https:\/\/kokukk.hu\/?page_id=1782"},"modified":"2023-03-08T15:42:28","modified_gmt":"2023-03-08T14:42:28","slug":"madargyuruzes","status":"publish","type":"page","link":"https:\/\/kokukk.hu\/?page_id=1782","title":{"rendered":"Mad\u00e1rgy\u0171r\u0171z\u00e9s"},"content":{"rendered":"<p><strong>Mad\u00e1rgy\u0171r\u0171z\u00e9s Telkiben (2012. janu\u00e1r 21.)<\/strong><\/p>\n<p>Imm\u00e1ron <strong>harmadik alkalommal<\/strong> rendezett a Kokukk Egyes\u00fclet mad\u00e1rgy\u0171r\u0171z\u00e9si bemutat\u00f3t a Telki hat\u00e1r\u00e1n l\u00e9v\u0151 erd\u0151 sz\u00e9l\u00e9n.<\/p>\n<p>A programot megel\u0151z\u0151 napok igencsak borong\u00f3s zord id\u0151j\u00e1r\u00e1s\u00e1t k\u00f6vet\u0151en, ez a szombat reggel bizony sz\u00e9p naps\u00fct\u00e9ses, \u00e9s enyhe id\u0151j\u00e1r\u00e1ssal indult. A mad\u00e1retet\u0151 mellett kihelyezett f\u00fcgg\u00f6nyh\u00e1l\u00f3k kih\u00faz\u00e1s\u00e1t k\u00f6vet\u0151en m\u00e1r p\u00e1r perc alatt t\u00f6bb mad\u00e1r is befog\u00e1sra ker\u00fclt. K\u00f6sz\u00f6nhet\u0151 ez annak is, hogy a m\u00e1r december \u00f3ta rendszeresen felt\u00f6lt\u00f6tt mad\u00e1retet\u0151t nagyon sok mad\u00e1r l\u00e1togatta, napj\u00e1ban t\u00f6bbsz\u00f6r fordultak meg a n\u00e9pes mad\u00e1rcsapatok.<\/p>\n<p>A mad\u00e1rgy\u0171r\u0171z\u00e9si bemutat\u00f3t a Magyar Mad\u00e1rtani \u00e9s Term\u00e9szetv\u00e9delmi Egyes\u00fclet munkat\u00e1rsa, Kocsis Zsuzsa tartotta. Zsuzsa n\u00e9ni az \u00f3vod\u00e1sok k\u00f6r\u00e9ben is j\u00f3l ismert, mert \u00e9vek \u00f3ta \u0151 tartja a Telki \u00d3vod\u00e1ban szervezett madar\u00e1szovi programot.<\/p>\n<p>A bemutat\u00f3 sor\u00e1n hallhattuk, hogy a madarak egyedi jel\u00f6l\u00e9s\u00e9n alapul\u00f3 mad\u00e1rgy\u0171r\u0171z\u00e9s seg\u00edts\u00e9g\u00e9vel a kutat\u00f3k fontos inform\u00e1ci\u00f3kat szerezhetnek a madarak \u00e9letm\u00f3dj\u00e1ra, vonul\u00e1s\u00e1ra, popul\u00e1ci\u00f3v\u00e1ltoz\u00e1s\u00e1ra vonatkoz\u00f3an. A gy\u0171r\u0171z\u00e9s alkalm\u00e1val feljegyzett adatok a Mad\u00e1rgy\u0171r\u0171z\u00e9si K\u00f6zpontba ker\u00fclnek tudom\u00e1nyos kutat\u00e1s c\u00e9lj\u00e1b\u00f3l.<\/p>\n<p>Ezen a napon befogott mad\u00e1rfajok: sz\u00e9ncinege, k\u00e9k cinege, mezei ver\u00e9b, \u00e9s z\u00f6ldike.<\/p>\n<p>A reggeli sikeres befog\u00e1st k\u00f6vet\u0151en d\u00e9lel\u0151tt felt\u00e1madt a sz\u00e9l, aminek k\u00f6vetkezt\u00e9ben a mozg\u00f3 h\u00e1l\u00f3t \u00e9szrevett\u00e9k az etet\u0151t megk\u00f6zel\u00edt\u0151 madarak, \u00edgy sajnos a d\u00e9lel\u0151tt m\u00e1sodik fel\u00e9ben kev\u00e9s madarat siker\u00fclt meggy\u0171r\u0171zni.<\/p>\n<p>Kocsis Zsuzsa el\u0151ad\u00e1s\u00e1b\u00f3l kicsik \u00e9s nagyok egyar\u00e1nt sok hasznos ismerettel gazdagodhattak, \u00e9s nagyszer\u0171 \u00e9lm\u00e9nyt ny\u00fajtott mindenki sz\u00e1m\u00e1ra a madarak testk\u00f6zelb\u0151l val\u00f3 megismer\u00e9se.<\/p>\n<p>Az esem\u00e9nyr\u0151l a Magyar Mad\u00e1rtani \u00e9s Term\u00e9szetv\u00e9delmi Egyes\u00fclet is besz\u00e1molt honlapj\u00e1n: <a href=\"http:\/\/www.mme.hu\/component\/content\/article\/15-legfrissebb-hirek\/1704-50-erdekld-vett-reszt-a-mar-hagyomanyosnak-mondhato-madargyrzesen-telkiben.html\">http:\/\/www.mme.hu\/component\/content\/article\/15-legfrissebb-hirek\/1704-50-erdekld-vett-reszt-a-mar-hagyomanyosnak-mondhato-madargyrzesen-telkiben.html<\/a><\/p>\n","protected":false},"excerpt":{"rendered":"<p>Mad\u00e1rgy\u0171r\u0171z\u00e9s Telkiben (2012. janu\u00e1r 21.) Imm\u00e1ron harmadik alkalommal rendezett a Kokukk Egyes\u00fclet mad\u00e1rgy\u0171r\u0171z\u00e9si bemutat\u00f3t a Telki hat\u00e1r\u00e1n l\u00e9v\u0151 erd\u0151 sz\u00e9l\u00e9n. A programot megel\u0151z\u0151 napok igencsak borong\u00f3s zord id\u0151j\u00e1r\u00e1s\u00e1t k\u00f6vet\u0151en, ez a szombat reggel bizony sz\u00e9p naps\u00fct\u00e9ses, \u00e9s enyhe id\u0151j\u00e1r\u00e1ssal indult. A mad\u00e1retet\u0151 mellett kihelyezett f\u00fcgg\u00f6nyh\u00e1l\u00f3k kih\u00faz\u00e1s\u00e1t k\u00f6vet\u0151en m\u00e1r p\u00e1r perc alatt t\u00f6bb mad\u00e1r is befog\u00e1sra [&hellip;]<\/p>\n","protected":false},"author":1,"featured_media":0,"parent":0,"menu_order":0,"comment_status":"closed","ping_status":"closed","template":"","meta":{"footnotes":""},"class_list":["post-1782","page","type-page","status-publish","hentry"],"_links":{"self":[{"href":"https:\/\/kokukk.hu\/index.php?rest_route=\/wp\/v2\/pages\/1782","targetHints":{"allow":["GET"]}}],"collection":[{"href":"https:\/\/kokukk.hu\/index.php?rest_route=\/wp\/v2\/pages"}],"about":[{"href":"https:\/\/kokukk.hu\/index.php?rest_route=\/wp\/v2\/types\/page"}],"author":[{"embeddable":true,"href":"https:\/\/kokukk.hu\/index.php?rest_route=\/wp\/v2\/users\/1"}],"replies":[{"embeddable":true,"href":"https:\/\/kokukk.hu\/index.php?rest_route=%2Fwp%2Fv2%2Fcomments&post=1782"}],"version-history":[{"count":1,"href":"https:\/\/kokukk.hu\/index.php?rest_route=\/wp\/v2\/pages\/1782\/revisions"}],"predecessor-version":[{"id":1784,"href":"https:\/\/kokukk.hu\/index.php?rest_route=\/wp\/v2\/pages\/1782\/revisions\/1784"}],"wp:attachment":[{"href":"https:\/\/kokukk.hu\/index.php?rest_route=%2Fwp%2Fv2%2Fmedia&parent=1782"}],"curies":[{"name":"wp","href":"https:\/\/api.w.org\/{rel}","templated":true}]}}