{"id":1789,"date":"2023-03-08T15:44:50","date_gmt":"2023-03-08T14:44:50","guid":{"rendered":"https:\/\/kokukk.hu\/?page_id=1789"},"modified":"2023-03-08T15:44:50","modified_gmt":"2023-03-08T14:44:50","slug":"bemutatkozas","status":"publish","type":"page","link":"https:\/\/kokukk.hu\/?page_id=1789","title":{"rendered":"Bemutatkoz\u00e1s"},"content":{"rendered":"<p align=\"center\"><b>A Kodol\u00e1nyi J\u00e1nos Kultur\u00e1lis \u00e9s K\u00f6rnyezetv\u00e9d\u0151 K\u00f6zhaszn\u00fa Egyes\u00fclet (m\u00e1sk\u00e9nt a KoKuKK)<\/b><\/p>\n<h1><b>C\u00e9lkit\u0171z\u00e9sek, partnerek<\/b><\/h1>\n<p>A telki sz\u00e9khely\u0171 <b><i>Kodol\u00e1nyi J\u00e1nos Kultur\u00e1lis \u00e9s K\u00f6rnyezetv\u00e9d\u0151 K\u00f6zhaszn\u00fa Egyes\u00fclet<\/i><\/b> (r\u00f6viden <b><i>KoKuKK Egyes\u00fclet<\/i><\/b>) 2003-ban alakult. N\u00e9vad\u00f3ja Telki h\u00edres sz\u00fcl\u00f6tte, Kodol\u00e1nyi J\u00e1nos \u00edr\u00f3, akinek eml\u00e9k\u00e9t az egyes\u00fclet a n\u00e9vv\u00e1laszt\u00e1ssal is igyekszik \u00e1polni. Tagjai telki lakosok, akik fontosnak tartj\u00e1k, hogy lak\u00f3hely\u00fck\u00f6n nagyobb legyen a kultur\u00e1lis k\u00edn\u00e1lat, rendezettebb legyen a faluk\u00e9p, \u00e9rv\u00e9nyes\u00fcljenek a k\u00f6rnyezetv\u00e9delem szempontjai \u2013 \u00e9s ez\u00e9rt sz\u00edvesen tenn\u00e9nek maguk is. A furcsa p\u00e1ros\u00edt\u00e1st (kultur\u00e1lis \u00e9s k\u00f6rnyezetv\u00e9d\u0151) pedig az indokolta, hogy a szervez\u0151k v\u00e9lelmezt\u00e9k: egy ekkora telep\u00fcl\u00e9sen nem biztos, hogy akad k\u00e9t k\u00fcl\u00f6n egyes\u00fcletre val\u00f3 akt\u00edv tags\u00e1g.<\/p>\n<p>Egyes\u00fclet\u00fcnk c\u00e9lja, hogy programjaival, akci\u00f3ival egy \u00faj faluk\u00f6z\u00f6ss\u00e9g \u00e9p\u00fcl\u00e9s\u00e9t is szolg\u00e1lja. Tev\u00e9kenys\u00e9g\u00fcnk sor\u00e1n rendszeresen egy\u00fcttm\u0171k\u00f6d\u00fcnk a telep\u00fcl\u00e9si \u00f6nkorm\u00e1nyzattal, az \u00e1ltal\u00e1nos iskol\u00e1val \u00e9s az \u00f3vod\u00e1val. J\u00f3 kapcsolatokat \u00e1polunk a nyugd\u00edjasklubbal \u00e9s a helyi cserk\u00e9szcsapattal. Rendezv\u00e9nyeinket, m\u0171k\u00f6d\u00e9s\u00fcnket az \u00e9vek sor\u00e1n sz\u00e1mos helyi v\u00e1llalkoz\u00e1s is t\u00e1mogatta a legk\u00fcl\u00f6nf\u00e9l\u00e9bb term\u00e9szetbeni hozz\u00e1j\u00e1rul\u00e1sokkal (helyis\u00e9g biztos\u00edt\u00e1sa a rendezv\u00e9nyekhez vagy az egyes\u00fcleti \u00f6sszej\u00f6vetelekhez, szakmai tan\u00e1csad\u00e1s, g\u00e9pi munk\u00e1k elv\u00e9gz\u00e9se a f\u00e1s\u00edt\u00e1s sor\u00e1n, j\u00e1tsz\u00f3t\u00e9ri hintajav\u00edt\u00e1s, k\u00f6nyvel\u00e9s, megh\u00edvott el\u0151ad\u00f3ink megvend\u00e9gel\u00e9se, vir\u00e1gd\u00edsz\u00edt\u00e9s k\u00e9sz\u00edt\u00e9se rendezv\u00e9nyre, stb.).<\/p>\n<p>Munk\u00e1nkat azonban nem csak helyi szervezetek \u00e9s mag\u00e1nszem\u00e9lyek t\u00e1mogatj\u00e1k, de j\u00f3 kapcsolatokat \u00e1polunk a Kodol\u00e1nyi-csal\u00e1ddal, rendszeres az egy\u00fcttm\u0171k\u00f6d\u00e9s\u00fcnk a Pet\u0151fi Irodalmi M\u00fazeummal, \u00e9s 2004-ben szervezett Kodol\u00e1nyi J\u00e1nos \u00e9letm\u0171-ki\u00e1ll\u00edt\u00e1sunkat a veszpr\u00e9mi Laczk\u00f3 Dezs\u0151 M\u00fazeum is t\u00e1mogatta. Egy\u00fcttm\u0171k\u00f6d\u00fcnk t\u00f6bb zs\u00e1mb\u00e9ki-medencei \u00e9s orsz\u00e1gos civil szervezettel is.<\/p>\n<h1>Tev\u00e9kenys\u00e9g<\/h1>\n<p>Az egyes\u00fclet megalakul\u00e1sa \u00f3ta rendszeresen szervez irodalmi esteket \u00e9s irodalomr\u00f3l sz\u00f3l\u00f3 bar\u00e1ti besz\u00e9lget\u00e9seket. Irodalmi estjeink c\u00e9lja\u00a0 \u2013 a Kodol\u00e1nyi-hagyom\u00e1ny \u00e1pol\u00e1sa mellett \u2013 a kort\u00e1rs irodalom soksz\u00edn\u0171s\u00e9g\u00e9nek bemutat\u00e1sa. Az \u00e9vek sor\u00e1n vend\u00e9geink voltak: Dr. ifj. Kodol\u00e1nyi J\u00e1nos, J\u00f3kai Anna, Nagy G\u00e1sp\u00e1r, K\u00e1ny\u00e1di S\u00e1ndor, Karafi\u00e1th Orsolya, Csuk\u00e1s Istv\u00e1n, Lackfi J\u00e1nos, Turbuly Lilla, Kiss Judit \u00c1gnes, Kem\u00e9ny Istv\u00e1n, Berg Judit, T\u00f3th Krisztina \u00e9s Kodol\u00e1nyi Gyula.<\/p>\n<p>2004-ben egy h\u00f3napig tart\u00f3 Kodol\u00e1nyi J\u00e1nos \u00e9letm\u0171-ki\u00e1ll\u00edt\u00e1st rendezt\u00fcnk a Pet\u0151fi Irodalmi M\u00fazeum \u00e9s a veszpr\u00e9mi Laczk\u00f3 Dezs\u0151 M\u00fazeum szakmai t\u00e1mogat\u00e1s\u00e1val. 2008 \u0151sz\u00e9n gyermekk\u00f6nyv-fesztiv\u00e1lt szervezt\u00fcnk k\u00f6lt\u0151, illusztr\u00e1tor, a Pagony Kiad\u00f3 \u00e9s az egyszervolt.hu r\u00e9szv\u00e9tel\u00e9vel. 2009. okt\u00f3ber\u00e9ben szimpoziont szervezt\u00fcnk Kodol\u00e1nyi J\u00e1nos sz\u00fclet\u00e9s\u00e9nek 110. \u00e9vfordul\u00f3ja alkalm\u00e1b\u00f3l. Megalakul\u00e1sunk \u00f3ta \u00e9vente ki\u00edrtuk a Kodol\u00e1nyi J\u00e1nos Irodalmi P\u00e1ly\u00e1zatot, \u00e9s t\u00f6bb egy\u00e9b amat\u0151r m\u0171v\u00e9szeti p\u00e1ly\u00e1zatot is hirdett\u00fcnk gyerekeknek \u00e9s feln\u0151tteknek.<\/p>\n<p>Az egyes\u00fclet minden \u00e9vben k\u00e9tszer lakoss\u00e1gi falutakar\u00edt\u00e1st szervez. Ez a k\u00f6zt\u00e9ri szem\u00e9t \u00f6sszeszed\u00e9se mellett gyakran kisebb karbantart\u00e1si jelleg\u0171 munk\u00e1k elv\u00e9gz\u00e9s\u00e9re is kiterjed: park\u00e1pol\u00e1si munk\u00e1k, j\u00e1tsz\u00f3t\u00e9rfest\u00e9s \u00e9s a j\u00e1t\u00e9kok kisebb jav\u00edt\u00e1sai, stb. Sz\u00e1mos alkalommal szervezt\u00fcnk k\u00f6zter\u00fcleten lakoss\u00e1gi r\u00e9szv\u00e9tellel fa- \u00e9s vir\u00e1g\u00fcltet\u00e9st, vagy az \u00e9v elej\u00e9n a kiszolg\u00e1lt kar\u00e1csonyf\u00e1k \u00f6sszegy\u0171jt\u00e9s\u00e9t \u00e9s komposzt\u00e1l\u00e1s\u00e1t.<\/p>\n<p><strong>A nagyr\u00e9szt hagyom\u00e1nyosnak tekinthet\u0151 programokon t\u00falmen\u0151en egyes\u00fclet\u00fcnk fontos c\u00e9lj\u00e1nak tekintette a faluban m\u00e1r m\u0171k\u00f6d\u0151 szelekt\u00edv hullad\u00e9kgy\u0171jt\u00e9s tov\u00e1bbfejleszt\u00e9s\u00e9t, n\u00e9pszer\u0171s\u00edt\u00e9s\u00e9t, a keletkez\u0151 hullad\u00e9k mennyis\u00e9g\u00e9nek cs\u00f6kkent\u00e9s\u00e9t. R\u00e9szt vett\u00fcnk az ezzel kapcsolatos \u00f6nkorm\u00e1nyzati munk\u00e1ban, a gy\u0171jt\u00e9s \u00e9s hasznos\u00edt\u00e1s jelenlegi helyzet\u00e9r\u0151l \u00e9s a tov\u00e1bbi lehet\u0151s\u00e9gekr\u0151l ismeretterjeszt\u0151 \u00e9s n\u00e9pszer\u0171s\u00edt\u0151 cikksorozatot \u00edrtunk a helyi \u00fajs\u00e1gba, \u00e9s megszervezt\u00fck a haszn\u00e1lt s\u00fct\u0151zsirad\u00e9k rendszeres gy\u0171jt\u00e9s\u00e9t \u00e9s elsz\u00e1ll\u00edt\u00e1s\u00e1t. T\u00f6bb f\u00f3rumon \u00e9s sz\u00e1mos form\u00e1ban (kompomata gyerekeknek, bemutat\u00f3 \u00e9s tan\u00e1csad\u00e1s, tapasztalatcsere, cikksorozat a helyi lapban) t\u00f6rekedt\u00fcnk a h\u00e1zikerti komposzt\u00e1l\u00e1s megismertet\u00e9s\u00e9re \u00e9s \u00f6szt\u00f6nz\u00e9s\u00e9re.\u00a0<\/strong><\/p>\n<p>Sz\u00e1mos alkalommal szervezt\u00fcnk a mad\u00e1rvil\u00e1got, az erd\u0151t megismertet\u0151 \u00e9s megszerettet\u0151 programokat: el\u0151ad\u00e1sokat, ok\u00fa- \u00e9s mad\u00e1ritat\u00f3-k\u00e9sz\u00edt\u00e9st, mad\u00e1rgy\u0171r\u0171z\u00e9st, erd\u00e9szeti bemutat\u00f3 s\u00e9t\u00e1t. 2009 \u0151sze \u00f3ta a helyi \u00f3vod\u00e1val \u00e9s \u00e1ltal\u00e1nos iskol\u00e1val egy\u00fcttm\u0171k\u00f6dve egy erdei tan\u00f6sv\u00e9ny l\u00e9trehoz\u00e1s\u00e1n dolgoztunk, amelynek \u00e1tad\u00e1s\u00e1ra 2011 okt\u00f3ber\u00e9ben ker\u00fclt sor.<\/p>\n<p>Az egyes\u00fclet kezdem\u00e9nyez\u00e9s\u00e9re a Telep\u00fcl\u00e9sfejleszt\u00e9si, Telep\u00fcl\u00e9s\u00fczemeltet\u00e9si, K\u00f6zbiztons\u00e1gi \u00e9s K\u00f6rnyezetv\u00e9delmi Bizotts\u00e1g 2007 janu\u00e1rj\u00e1ban megszavazta a falu K\u00f6rnyezetv\u00e9delmi Alapj\u00e1nak l\u00e9trehoz\u00e1s\u00e1t. Kezdem\u00e9nyez\u0151 szerepet j\u00e1tszottunk a helyi lap Z\u00f6ld Rovat\u00e1nak l\u00e9trej\u00f6tt\u00e9ben \u00e9s m\u0171k\u00f6dtet\u00e9s\u00e9ben.<\/p>\n<p>2008-ban a Telki \u00d6nkorm\u00e1nyzattal k\u00f6z\u00f6sen k\u00e9sz\u00edtett\u00fcnk \u00e9s ny\u00fajtottunk be p\u00e1ly\u00e1zatot a KvVM-hoz illeg\u00e1lis hullad\u00e9klerak\u00f3k felsz\u00e1mol\u00e1s\u00e1ra, majd az \u00e9v sor\u00e1n k\u00f6zrem\u0171k\u00f6dt\u00fcnk a p\u00e1ly\u00e1zati projekt megval\u00f3s\u00edt\u00e1s\u00e1ban.<\/p>\n<p>2009-2010-ben r\u00e9szt vett\u00fcnk a p\u00e1tyi golf-lak\u00f3telep elleni lakoss\u00e1gi tiltakoz\u00e1s civil koordin\u00e1l\u00e1s\u00e1ban.<\/p>\n<p>2010-2011-ben az \u00d6reg T\u00f6lgy Erdei Tan\u00f6sv\u00e9ny megval\u00f3s\u00edt\u00e1s\u00e1ban vett\u00fcnk r\u00e9szt. A tan\u00f6sv\u00e9ny els\u0151 \u00fctem\u00e9t 2011. okt\u00f3ber 22-\u00e9n adtuk \u00e1t.<\/p>\n<h1>M\u0171k\u00f6d\u00e9s<\/h1>\n<p><strong>Az egyes\u00fcletnek jelenleg 22 rendes \u00e9s 4 p\u00e1rtol\u00f3 tagja van, emellett n\u00e9h\u00e1ny rendszeres k\u00fcls\u0151 t\u00e1mogat\u00f3 szakmai tev\u00e9kenys\u00e9g\u00e9re is t\u00e1maszkodhatunk. Az egyes\u00fclet programjait \u00e9s m\u0171k\u00f6d\u00e9s\u00e9t a tagd\u00edjakb\u00f3l, tagok \u00e9s m\u00e1s mag\u00e1nszem\u00e9lyek adom\u00e1nyaib\u00f3l, az \u00f6nkorm\u00e1nyzat anyagi t\u00e1mogat\u00e1s\u00e1b\u00f3l, \u00e9s esetenk\u00e9nt p\u00e1ly\u00e1zatokon nyert forr\u00e1sokb\u00f3l finansz\u00edrozza. Emellett sokan sokf\u00e9le term\u00e9szetbeni seg\u00edts\u00e9ggel j\u00e1rultak hozz\u00e1 a programok megval\u00f3sul\u00e1s\u00e1hoz. Az egyes\u00fclet alkalmazottat nem foglalkoztat, tagjai valamennyien \u00f6nk\u00e9ntesek.<\/strong><\/p>\n<p>A KoKuKK nagy hangs\u00falyt fektet a mindenki sz\u00e1m\u00e1ra \u00e1tl\u00e1that\u00f3 m\u0171k\u00f6d\u00e9sre \u00e9s gazd\u00e1lkod\u00e1sra. Tev\u00e9kenys\u00e9g\u00fcnkr\u0151l rendszeresen inform\u00e1ljuk a faluk\u00f6z\u00f6ss\u00e9get a helyi lapban (Telki Napl\u00f3, sz\u00e1mai olvashat\u00f3k a <a href=\"http:\/\/www.telki.hu\/\">www.telki.hu<\/a> honlapon) \u00e9s a helyi \u2013 civil kezdem\u00e9nyez\u00e9sk\u00e9nt m\u0171k\u00f6d\u0151 \u2013 internetes k\u00f6z\u00f6ss\u00e9gi port\u00e1lon (<a href=\"http:\/\/www.telkicafe.hu\/\">www.telkicafe.hu<\/a>), valamint 2008 nyar\u00e1t\u00f3l saj\u00e1t honlapunkon (<a href=\"http:\/\/www.kokukk.hu\/\">www.kokukk.hu<\/a>). K\u00f6zhaszn\u00fas\u00e1gi jelent\u00e9seink elolvashat\u00f3k az egyes\u00fclet honlapj\u00e1n.<\/p>\n","protected":false},"excerpt":{"rendered":"<p>A Kodol\u00e1nyi J\u00e1nos Kultur\u00e1lis \u00e9s K\u00f6rnyezetv\u00e9d\u0151 K\u00f6zhaszn\u00fa Egyes\u00fclet (m\u00e1sk\u00e9nt a KoKuKK) C\u00e9lkit\u0171z\u00e9sek, partnerek A telki sz\u00e9khely\u0171 Kodol\u00e1nyi J\u00e1nos Kultur\u00e1lis \u00e9s K\u00f6rnyezetv\u00e9d\u0151 K\u00f6zhaszn\u00fa Egyes\u00fclet (r\u00f6viden KoKuKK Egyes\u00fclet) 2003-ban alakult. N\u00e9vad\u00f3ja Telki h\u00edres sz\u00fcl\u00f6tte, Kodol\u00e1nyi J\u00e1nos \u00edr\u00f3, akinek eml\u00e9k\u00e9t az egyes\u00fclet a n\u00e9vv\u00e1laszt\u00e1ssal is igyekszik \u00e1polni. Tagjai telki lakosok, akik fontosnak tartj\u00e1k, hogy lak\u00f3hely\u00fck\u00f6n nagyobb legyen a [&hellip;]<\/p>\n","protected":false},"author":1,"featured_media":0,"parent":0,"menu_order":0,"comment_status":"closed","ping_status":"closed","template":"","meta":{"footnotes":""},"class_list":["post-1789","page","type-page","status-publish","hentry"],"_links":{"self":[{"href":"https:\/\/kokukk.hu\/index.php?rest_route=\/wp\/v2\/pages\/1789","targetHints":{"allow":["GET"]}}],"collection":[{"href":"https:\/\/kokukk.hu\/index.php?rest_route=\/wp\/v2\/pages"}],"about":[{"href":"https:\/\/kokukk.hu\/index.php?rest_route=\/wp\/v2\/types\/page"}],"author":[{"embeddable":true,"href":"https:\/\/kokukk.hu\/index.php?rest_route=\/wp\/v2\/users\/1"}],"replies":[{"embeddable":true,"href":"https:\/\/kokukk.hu\/index.php?rest_route=%2Fwp%2Fv2%2Fcomments&post=1789"}],"version-history":[{"count":1,"href":"https:\/\/kokukk.hu\/index.php?rest_route=\/wp\/v2\/pages\/1789\/revisions"}],"predecessor-version":[{"id":1791,"href":"https:\/\/kokukk.hu\/index.php?rest_route=\/wp\/v2\/pages\/1789\/revisions\/1791"}],"wp:attachment":[{"href":"https:\/\/kokukk.hu\/index.php?rest_route=%2Fwp%2Fv2%2Fmedia&parent=1789"}],"curies":[{"name":"wp","href":"https:\/\/api.w.org\/{rel}","templated":true}]}}