{"id":1801,"date":"2023-03-08T15:46:37","date_gmt":"2023-03-08T14:46:37","guid":{"rendered":"https:\/\/kokukk.hu\/?page_id=1801"},"modified":"2023-03-08T15:46:37","modified_gmt":"2023-03-08T14:46:37","slug":"a-bvz-projekt-filozofiaja","status":"publish","type":"page","link":"https:\/\/kokukk.hu\/?page_id=1801","title":{"rendered":"A BVZ projekt filoz\u00f3fi\u00e1ja"},"content":{"rendered":"<div class=\"entry-content\">\n<blockquote><p>A Buda Vid\u00e9k Z\u00f6ld\u00fat h\u00e1l\u00f3zat\u00a0 \u2013 egy\u00a0 hossz\u00fat\u00e1vra tervezhet\u0151 lehet\u0151s\u00e9g\u00a0 az itt \u00e9l\u0151k sz\u00e1m\u00e1ra ; els\u0151sorban a t\u00e9rs\u00e9g komplex\u00a0 turisztikai egy\u00fcttm\u0171k\u00f6d\u00e9s\u00e9nek tudatos\u00a0 kialak\u00edt\u00e1s\u00e1ra,\u00a0 olyan \u00fajfajta\u00a0 m\u00f3dszerek \u00e9s eszk\u00f6z\u00f6k felhaszn\u00e1l\u00e1s\u00e1val, melyek seg\u00edts\u00e9g\u00e9vel\u00a0 a tervezett\u00a0 Buda Vid\u00e9k Z\u00f6ld\u00fat projekt egyszerre v\u00e9dheti \u00e9s fejlesztheti a\u00a0 Buda Vid\u00e9ki T\u00e9rs\u00e9g 12\u00a0 telep\u00fcl\u00e9s\u00e9nek\u00a0 term\u00e9szeti, kultur\u00e1lis, gazdas\u00e1gi, \u00e9letm\u00f3dbeli \u00e9s k\u00f6z\u00f6ss\u00e9gi \u00e9rt\u00e9keit\u00a0 egy\u00a0 tudatosan kialak\u00edtott\u00a0 t\u00e9rs\u00e9gi partners\u00e9gi\u00a0\u00a0 rendszer seg\u00edts\u00e9g\u00e9vel<\/p><\/blockquote>\n<h3><b>Mi\u00e9rt lehet j\u00f3 eszk\u00f6ze a projekt a Budavid\u00e9ki\u00a0 T\u00e9rs\u00e9g szel\u00edd turizmus fellend\u00edt\u00e9s\u00e9nek?<\/b><\/h3>\n<ul>\n<li>M\u00e1shol m\u00e1r j\u00f3l m\u0171k\u00f6d\u0151 m\u00f3dszertant haszn\u00e1l<\/li>\n<li>Megk\u00f6vetel egy k\u00f6z\u00f6s szeml\u00e9letet, v\u00e9d a felh\u00edgul\u00e1st\u00f3l<\/li>\n<li>Nemzetk\u00f6zi kapcsolatrendszer<\/li>\n<li>Tapasztalatokkal, anyagiakkal t\u00e1mogatott els\u0151 l\u00e9p\u00e9sek<\/li>\n<li>Kezelhet\u0151 rendszerr\u00e9 szervezi a soksz\u00edn\u0171 partnereket a Z\u00f6ld\u00fat ment\u00e9n<\/li>\n<li>Minden, szel\u00edd\u00a0 turizmusban \u00e9rintett szerepl\u0151 mag\u00e1\u00e9nak \u00e9rezheti, r\u00e9szt vehet benne<\/li>\n<li>Nyitott\u00a0 a f\u0151v\u00e1ros, a szomsz\u00e9d t\u00e9rs\u00e9gek, orsz\u00e1gok fel\u00e9, mert az \u00fat \u00f6sszek\u00f6t<\/li>\n<li>A <i>Z\u00f6ldutak <\/i>k\u00f6zt k\u00f6z\u00e9 val\u00f3 felz\u00e1rk\u00f3z\u00e1sa \u00f6n\u00e1ll\u00f3 forgalmat hozhat m\u00e1r\u00a0 az \u00f6n\u00e1ll\u00f3 marketing kialak\u00edt\u00e1sa el\u0151tt is<\/li>\n<li>J\u00f3l kapcsol\u00f3dik az orsz\u00e1gos, k\u00f6z\u00e9p-magyarorsz\u00e1gi, a f\u0151v\u00e1ros k\u00f6rny\u00e9ki \u00e9s euror\u00e9gi\u00f3s fejleszt\u00e9si ir\u00e1nyokhoz<\/li>\n<\/ul>\n<h3>Mik azok a Z\u00f6ldutak?<\/h3>\n<p>Term\u00e9szeti folyos\u00f3k, \u00f6sv\u00e9nyek, \u00fatvonalak ment\u00e9n, nem motoros k\u00f6zleked\u00e9sre l\u00e9trehozott \u00fath\u00e1l\u00f3zat, \u00f6kol\u00f3giai funkci\u00f3kkal<\/p>\n<ul>\n<li><b>\u00datvonal, term\u00e9szetes vagy mesters\u00e9gesen kialak\u00edtott folyos\u00f3<\/b>, amelyet <b>pihen\u00e9s\/rekre\u00e1ci\u00f3 c\u00e9lj\u00e1ra<\/b> haszn\u00e1lnak.<\/li>\n<li><b>\u00c1ltal\u00e1ban term\u00e9szeti k\u00e9pz\u0151dm\u00e9nyek, pl. foly\u00f3medrek, v\u00f6lgyek, hegygerincek ment\u00e9n, vagy utak, foly\u00f3medrek, csatorn\u00e1k, t\u00fara\u00f6sv\u00e9nyek k\u00f6rny\u00e9k\u00e9n tal\u00e1lhat\u00f3ak.<\/b><\/li>\n<li><b>Adott ter\u00fcleten \u00e1thalad\u00f3<\/b>, <b>gyalogosok \u00e9s ker\u00e9kp\u00e1rosok, lovasok r\u00e9sz\u00e9re<\/b> szolg\u00e1l\u00f3 <b>term\u00e9szetes <\/b>\u00f6sv\u00e9ny <b>vagy<\/b> <b>mesters\u00e9ges<\/b>en ki\u00e9p\u00edtett <b>\u00fat.<\/b><\/li>\n<li><b>Term\u00e9szeti s\u00e1v,<\/b> amely <b>lakott ter\u00fcleteket kapcsol \u00f6ssze<\/b> t\u00f6rt\u00e9nelmi \u00e9s kultur\u00e1lis eml\u00e9khelyekkel, parkokkal, rezerv\u00e1tumokkal.<\/li>\n<li><b>Kijel\u00f6lt, \u00f6sszef\u00fcgg\u0151 ter\u00fcletek a v\u00e1rosban vagy k\u00f6zvetlen k\u00f6rny\u00e9k\u00e9n<\/b>, amit k\u00f6zparknak vagy z\u00f6ld\u00f6vezetnek min\u0151s\u00edtettek.<\/li>\n<\/ul>\n<h3>Mit tudnak a Z\u00f6ldutak?<\/h3>\n<ul>\n<li>V\u00e1rosi \u00e9s vid\u00e9ki k\u00f6rnyezet \u00e9s \u00e9letmin\u0151s\u00e9g jav\u00edt\u00e1sa<\/li>\n<li>K\u00f6rnyezetbar\u00e1t \u00e9s biztons\u00e1gos k\u00f6zleked\u00e9s helyi lakosoknak \u00e9s turist\u00e1knak<\/li>\n<li>\u00a0Helyi term\u00e9kek \u00e9s szolg\u00e1ltat\u00e1sok fejleszt\u00e9se<\/li>\n<li>Helyi szerepl\u0151k akt\u00edv r\u00e9szv\u00e9tele a helyi tervez\u00e9sben \u00e9s fejleszt\u00e9sbe<\/li>\n<li>Emberek, szektorok, orsz\u00e1gok k\u00f6z\u00f6tti egy\u00fcttm\u0171k\u00f6d\u00e9s er\u0151s\u00edt\u00e9se<\/li>\n<li>Akt\u00edv, eg\u00e9szs\u00e9ges \u00e9letm\u00f3d t\u00e1mogat\u00e1sa<\/li>\n<\/ul>\n<h3>M\u00e9g mire j\u00f3k a Z\u00f6ldutak?<\/h3>\n<ul>\n<li>Eg\u00e9szs\u00e9gmeg\u0151rz\u00e9s<\/li>\n<li>Term\u00e9szetv\u00e9delem<\/li>\n<li>Kultur\u00e1lis \u00f6r\u00f6ks\u00e9gv\u00e9delem<\/li>\n<li>Oktat\u00e1s, szeml\u00e9letform\u00e1l\u00e1s<\/li>\n<li>Munkahelyteremt\u00e9s<\/li>\n<li>Helyi er\u0151forr\u00e1sok fenntarthat\u00f3 haszn\u00e1lata<\/li>\n<li>Helyi gazdas\u00e1gfejleszt\u00e9s<\/li>\n<li>Helyi k\u00f6z\u00f6ss\u00e9gek meger\u0151s\u00f6d\u00e9se<\/li>\n<\/ul>\n<h3>Haszn\u00e1lhat\u00f3k:<\/h3>\n<ul>\n<li>sportol\u00e1sra<\/li>\n<li>turisztikai c\u00e9llal<\/li>\n<li>kikapcsol\u00f3d\u00e1sra<\/li>\n<li>k\u00f6zleked\u00e9sre<\/li>\n<\/ul>\n<h3>Hogyan lehet rajta k\u00f6zlekedni?<\/h3>\n<ul>\n<li>\u00a0ker\u00e9kp\u00e1rozva<\/li>\n<li>\u00a0gyalogolva, futva<\/li>\n<li>\u00a0lovagolva<\/li>\n<li>\u00a0babakocsival kocogva<\/li>\n<li>\u00a0g\u00f6rkorcsoly\u00e1zva, rollerezve, s\u00edfutva<\/li>\n<li>\u00a0evezve<\/li>\n<\/ul>\n<h3>Hol haladhatnak Z\u00f6ldutak?<\/h3>\n<ul>\n<li>Turista- \u00e9s lovagl\u00f3 utakon<\/li>\n<li>Bicikli utakon<\/li>\n<li>\u201eZ\u00f6ldfolyos\u00f3kon\u201d<\/li>\n<li>Felhagyott vas\u00fatp\u00e1ly\u00e1kon stb.<\/li>\n<li>Kisz\u00e1radt patakmederben<\/li>\n<li>Foly\u00f3- \u00e9s \u00e1ll\u00f3vizeken<\/li>\n<\/ul>\n<h3>Milyen probl\u00e9m\u00e1kra adhat v\u00e1laszt?<\/h3>\n<ul>\n<li>Leveg\u0151szennyez\u00e9s, zajterhel\u00e9s<\/li>\n<li>Mozg\u00e1sszeg\u00e9ny \u00e9letm\u00f3d<\/li>\n<li>T\u00falzs\u00fafolts\u00e1g, eln\u00e9ptelened\u00e9s<\/li>\n<li>Szoci\u00e1lis probl\u00e9m\u00e1k<\/li>\n<li>Vid\u00e9kfejleszt\u00e9si \u201ehogyan tov\u00e1bb?\u201d<\/li>\n<li>Helyi munkalehet\u0151s\u00e9g hi\u00e1nya, sok ing\u00e1z\u00f3<\/li>\n<\/ul>\n<h3><b>Kik lehetnek a haszon\u00e9lvez\u0151i?<\/b><\/h3>\n<ul>\n<li>Helyi lakosok:<\/li>\n<\/ul>\n<p>\u2013 k\u00f6rny\u00e9kre munk\u00e1ba j\u00e1r\u00f3k<\/p>\n<p>\u2013 any\u00e1k gyermekeikkel<\/p>\n<p>\u2013 mozg\u00e1skorl\u00e1tozottak, id\u0151sek<\/p>\n<p>\u2013 kir\u00e1ndulni szeret\u0151 helyiek<\/p>\n<p>\u2013 tanul\u00f3k, di\u00e1kok \u2013 suliba j\u00e1r\u00f3k<\/p>\n<p>\u2013 tan\u00e1rok, tan\u00edtv\u00e1nyok<\/p>\n<p>-sportol\u00f3k<\/p>\n<ul>\n<li>helyi v\u00e1llalkoz\u00f3k, k\u00e9zm\u0171vesek, \u0151stermel\u0151k<\/li>\n<li>turist\u00e1k<\/li>\n<\/ul>\n<h3>A\u00a0 Z\u00f6ldutak haszn\u00e1r\u00f3l m\u00e9g<\/h3>\n<ul>\n<li><b>Minden<\/b> olyan gyalog\u00fat, ker\u00e9kp\u00e1r\u00fat vagy egy\u00e9b, <b>nem-motoros k\u00f6zleked\u00e9sre<\/b> <b>alkalmas \u00fat<\/b> jelent\u0151s\u00e9ge, amely egy Z\u00f6ld\u00fat keret\u00e9ben j\u00f6n l\u00e9tre, <b>messze meghaladja<\/b> annak <b>k\u00f6zleked\u00e9si \u00e9s \u00f6sszek\u00f6ttet\u00e9si funkci\u00f3j\u00e1t.<\/b><\/li>\n<li>J\u00f3 az es\u00e9ly arra, hogy ezen utak ment\u00e9n parkok, szabad \u00e9g alatti tornatermek, term\u00e9szettudom\u00e1nyi, t\u00f6rt\u00e9nelmi \u201coszt\u00e1lytermek\u201d j\u00f6jjenek l\u00e9tre.<\/li>\n<\/ul>\n<ul>\n<li><b>Akkor m\u0171k\u00f6dnek a legjobban, ha a gondolat megsz\u00fclet\u00e9s\u00e9t\u0151l a megval\u00f3s\u00edt\u00e1son \u00e1t a folyamatos karbantart\u00e1sig helyi kezdem\u00e9nyez\u00e9sen alapulnak, helyi emberek, szervezetek \u00e1llnak m\u00f6g\u00f6tte \u00e9s a munka sor\u00e1n megnyerik k\u00fcl\u00f6nf\u00e9le partnerek t\u00e1mogat\u00e1s\u00e1t. <\/b><\/li>\n<\/ul>\n<h3>\u00a0<b>Mely ter\u00fcleteken \u00e9s milyen haszna lehet egy Z\u00f6ld\u00fatnak?<\/b><\/h3>\n<p><b>\u00a01.\u00a0\u00a0\u00a0\u00a0\u00a0\u00a0 Hat\u00e1sa az eg\u00e9szs\u00e9gre, a pihen\u00e9si (rekre\u00e1ci\u00f3s) haszon<\/b><\/p>\n<ul>\n<li>Az utak egyszer\u0171 \u00e9s mindenki sz\u00e1m\u00e1ra hozz\u00e1f\u00e9rhet\u0151 teret adnak a term\u00e9szetben v\u00e9gezhet\u0151 k\u00fcl\u00f6nf\u00e9le tev\u00e9kenys\u00e9gekre.<\/li>\n<li>Ezek k\u00f6z\u00fcl \u00e9vtizedek \u00f3ta a gyalogl\u00e1s \u00e9s a ker\u00e9kp\u00e1roz\u00e1s a legn\u00e9pszer\u0171bbek, az \u00fajabb kelet\u0171 sportok k\u00f6z\u00fcl pedig a g\u00f6rkorcsoly\u00e1z\u00e1s, a roller vagy a s\u00edfut\u00e1s.<\/li>\n<li>A forr\u00e1sok \u00e9s eszk\u00f6z\u00f6k hat\u00e9kony kihaszn\u00e1l\u00e1sa ok\u00e1n, a k\u00f6rnyezet v\u00e9delme mellett, a z\u00f6ld\u00fat\u00a0 sokszor meghaladja egy-egy specifikus sportl\u00e9tes\u00edtm\u00e9ny hasznoss\u00e1g\u00e1t<\/li>\n<li>K\u00f6zels\u00e9g\u00fckkel \u00e9s k\u00f6nny\u0171 el\u00e9rhet\u0151s\u00e9g\u00fckkel ak\u00e1r r\u00f6videbb t\u00far\u00e1kra, sportol\u00e1sra cs\u00e1b\u00edtanak az otthon \u00fcl\u00e9s helyett.<\/li>\n<li>Az eg\u00e9szs\u00e9ges \u00e9letm\u00f3d politikai ig\u00e9nye mindenhol a vil\u00e1gon (f\u0151leg Nyugat-Eur\u00f3p\u00e1ban \u00e9s az Egyes\u00fclt \u00c1llamokban) megk\u00f6veteli a sportol\u00e1s lehet\u0151s\u00e9g\u00e9nek, k\u00f6nny\u0171 el\u00e9rhet\u0151s\u00e9g\u00e9nek megteremt\u00e9s\u00e9t, a <i>z\u00f6ld\u00fat <\/i>nagyon j\u00f3 m\u00f3dszer ezen politikai c\u00e9lok el\u00e9r\u00e9s\u00e9hez.<\/li>\n<\/ul>\n<p><b>2.\u00a0\u00a0\u00a0\u00a0 A gazdas\u00e1gi haszon<\/b><\/p>\n<ul>\n<li>Az utak j\u00f3 lehet\u0151s\u00e9get adnak a mag\u00e1n \u00e9s k\u00f6z\u00f6ss\u00e9gi f\u00f6ldek, ter\u00fcletek kihaszn\u00e1l\u00e1s\u00e1ra.<\/li>\n<li>Az egym\u00e1s mellett fekv\u0151 parcell\u00e1k \u00e9rt\u00e9ke megn\u0151, amennyiben azok \u00f6sszhangban vannak a <i>z\u00f6ld\u00fat<\/i>tal \u00e9s bekapcsol\u00f3dnak az \u00fatvonalba.<\/li>\n<li>Bev\u00e9tel n\u00f6veked\u00e9st eredm\u00e9nyezhet a szabadid\u0151 elt\u00f6lt\u00e9s\u00e9vel, \u00fcd\u00fcl\u00e9ssel, sporttal \u00e9s turizmussal kapcsolatos szolg\u00e1ltat\u00e1sok ter\u00e9n.<\/li>\n<li>Munkalehet\u0151s\u00e9geket teremt az \u00fat ki\u00e9p\u00edt\u00e9se \u00e9s karbantart\u00e1sa sor\u00e1n.<\/li>\n<li>Az eg\u00e9sz folyos\u00f3-mente v\u00e9dett a koncepci\u00f3tlan \u00e9s k\u00e1ros kihaszn\u00e1l\u00e1ssal szemben<\/li>\n<\/ul>\n<p><b>\u00a03.\u00a0\u00a0\u00a0\u00a0\u00a0\u00a0 A ter\u00fcletfejleszt\u00e9si haszon<\/b><\/p>\n<ul>\n<li>Az utak hozz\u00e1j\u00e1rulhatnak a ter\u00fcletfejleszt\u00e9si tervben lefektetett c\u00e9lok teljes\u00edt\u00e9s\u00e9hez, jav\u00edtj\u00e1k p\u00e9ld\u00e1ul a k\u00f6zleked\u00e9si ell\u00e1totts\u00e1got, \u00f6sszek\u00f6tik a k\u00fclso, term\u00e9szeti ter\u00fcleteket a v\u00e1rossal, eg\u00e9szs\u00e9ges h\u00e1l\u00f3zatot hoznak l\u00e9tre.<\/li>\n<li>\u00d6szt\u00f6nzik a z\u00f6ld fel\u00fclet n\u00f6vel\u00e9s\u00e9t, parkok \u00e9p\u00edt\u00e9s\u00e9t, a foly\u00f3partok v\u00e9delm\u00e9t \u00e9s haszn\u00e1lat\u00e1t, \u00e9s \u00e1ltal\u00e1ban a term\u00e9szeti k\u00f6rnyezet \u00e9s kultur\u00e1lis \u00f6r\u00f6ks\u00e9g v\u00e9delm\u00e9t.<\/li>\n<li>A gy\u00e9ren be\u00e9p\u00edtett helyeken a z\u00f6ld fel\u00fcletek \u00f6sszek\u00f6t\u00e9se \u00e9s <i>z\u00f6ld\u00fat<\/i>t\u00e1 nyilv\u00e1n\u00edt\u00e1sa megv\u00e9dhet a t\u00falzott be\u00e9p\u00edt\u00e9st\u0151l.<\/li>\n<li>A <i>z\u00f6ld\u00fat<\/i> gondolat\u00e1nak \u00e9s megval\u00f3s\u00edt\u00e1s\u00e1nak k\u00f6z\u00e9rthet\u0151s\u00e9ge lehet\u0151s\u00e9get ad arra, hogy a nyilv\u00e1noss\u00e1got is bevonj\u00e1k a ter\u00fcletfejleszt\u00e9s tervez\u00e9s\u00e9be.<\/li>\n<\/ul>\n<p><b>4.\u00a0\u00a0\u00a0\u00a0\u00a0\u00a0 K\u00f6zm\u0171vel\u0151d\u00e9s, felvil\u00e1gos\u00edt\u00e1s, oktat\u00e1s az utak ment\u00e9n<\/b><\/p>\n<ul>\n<li>A z\u00f6ld\u00fat \u00e1ltal\u00e1ban n\u00e9h\u00e1ny k\u00fcl\u00f6nb\u00f6z\u0151 t\u00edpus\u00fa term\u00e9szeti elemet kapcsol \u00f6ssze, \u00edgy szabadt\u00e9ri oszt\u00e1lyteremk\u00e9nt funkcion\u00e1lhat term\u00e9szettudom\u00e1nyi, t\u00f6rt\u00e9nelmi vagy ak\u00e1r k\u00f6zgazdas\u00e1gi t\u00e1rgyakb\u00f3l.<\/li>\n<li>Az \u00fat a helyi emberek, helyi k\u00f6z\u00f6ss\u00e9g projektje lehet, ehhez sikeresen kapcsol\u00f3dhatnak iskolai oszt\u00e1lyok vagy szakk\u00f6r\u00f6k is.<\/li>\n<li>A pihen\u0151helyeken j\u00f3 lehet\u0151s\u00e9g k\u00edn\u00e1lkozik arra, hogy a l\u00e1togat\u00f3kkal megismertess\u00e9k a term\u00e9szetv\u00e9delmi \u00e9rt\u00e9keket \u00e9s a helyi \u00e9rdekess\u00e9geket.<\/li>\n<\/ul>\n<p><b>5.\u00a0\u00a0\u00a0\u00a0\u00a0 Kultur\u00e1lis, t\u00f6rt\u00e9nelmi szempont\u00fa utak<\/b><\/p>\n<ul>\n<li>A t\u00f6rt\u00e9nelmi helyeket \u00f6sszek\u00f6t\u0151 utak n\u00f6velik a lakosok tudatoss\u00e1g\u00e1t saj\u00e1t kultur\u00e1lis \u00f6r\u00f6ks\u00e9g\u00fckkel kapcsolatban.<\/li>\n<li>Az utak a helyi k\u00fcl\u00f6nlegess\u00e9gek bemutat\u00f3 helyei lesznek.<\/li>\n<li>A l\u00e1togatotts\u00e1g \u00f6szt\u00f6n\u00f6z az eml\u00e9khelyek \u00e9s k\u00f6rny\u00e9k\u00fck rendben tart\u00e1s\u00e1ra.<\/li>\n<li>Az arra alkalmas m\u0171t\u00e1rgyak, m\u0171v\u00e9szeti alkot\u00e1sok ki\u00e1ll\u00edt\u00f3termei lehetnek.<\/li>\n<li>A <i>Z\u00f6ldutak <\/i>\u00f6r\u00f6kbe fogadnak egy sor apr\u00f3 eml\u00e9khelyet, ezzel megteremtik azok v\u00e9delm\u00e9nek, fel\u00faj\u00edt\u00e1s\u00e1nak, karbantart\u00e1s\u00e1nak lehet\u0151s\u00e9g\u00e9t.<\/li>\n<\/ul>\n<p><b>6.\u00a0\u00a0\u00a0\u00a0\u00a0 A szel\u00edd turizmus \u00fatjai<\/b><\/p>\n<ul>\n<li>Az \u201cemberek az emberek\u00e9rt\u201d t\u00edpus\u00fa hozz\u00e1\u00e1ll\u00e1s lehet\u0151s\u00e9get teremt a turist\u00e1knak arra, hogy term\u00e9szeti \u00e9s szoci\u00e1lis \u00e9rtelemben is k\u00f6zvetlen kapcsolatokat teremtsenek.<\/li>\n<li>A <i>Z\u00f6ldutak<\/i> jellemz\u0151en az egy\u00e9neknek vagy kisebb t\u00e1rsas\u00e1goknak teremtenek kir\u00e1ndul\u00e1si lehet\u0151s\u00e9get, nincs sz\u00fcks\u00e9g nagy sz\u00e1llod\u00e1kra, nagy forgalm\u00fa k\u00f6zleked\u00e9si utakra<\/li>\n<\/ul>\n<ul>\n<li>A <i>Z\u00f6ldutak<\/i> seg\u00edtenek a l\u00e1togatotts\u00e1g n\u00f6vel\u00e9s\u00e9ben, figyelik az \u00e9rdekl\u0151d\u0151k mozg\u00e1s\u00e1t, ir\u00e1ny\u00edtj\u00e1k is, \u00e9s ezzel v\u00e9dik a k\u00f6rnyezetv\u00e9delmileg \u00e9rz\u00e9keny ter\u00fcleteket.<\/li>\n<li>-Az ilyen t\u00edpus\u00fa turizmushoz nincs sz\u00fcks\u00e9g nagy beruh\u00e1z\u00e1sokra, ink\u00e1bb sok kisv\u00e1llalkoz\u00e1sra<\/li>\n<li>Eredeti k\u00f6rnyezetben, k\u00f6zvetlen a kapcsolat a helyi szolg\u00e1ltat\u00f3k (hagyom\u00e1ny\u0151rz\u0151 kisiparosok) \u00e9s a felhaszn\u00e1l\u00f3k k\u00f6z\u00f6tt.<\/li>\n<li>A <i>Z\u00f6ldutak <\/i>term\u00e9szetes m\u00f3don l\u00e9pik \u00e1t a fogyaszt\u00f3i t\u00e1rsadalmi sztereot\u00edpi\u00e1kat, r\u00e9gi\u00f3k \u00e9s \u00e1llamok hat\u00e1rait<\/li>\n<\/ul>\n<p><b>7. A Z\u00f6ldutak \u00e9letmin\u0151s\u00e9g\u00fcnk jav\u00edt\u00e1s\u00e1nak eszk\u00f6zei<\/b><\/p>\n<ul>\n<li>A <i>Z\u00f6ld\u00fat <\/i>projekt kifejezheti a helyi k\u00f6z\u00f6ss\u00e9g \u00e9rt\u00e9krendj\u00e9t, a k\u00f6rnyezet v\u00e9delm\u00e9hez val\u00f3 viszony\u00e1t.<\/li>\n<li>A <i>Z\u00f6ldutak <\/i>a v\u00e1ros, a telep\u00fcl\u00e9s arculat\u00e1nak fontos r\u00e9sz\u00e9v\u00e9 v\u00e1lnak.<\/li>\n<li>Az \u00fat ki\u00e9p\u00edt\u00e9se kifejezheti az \u00e9p\u00edt\u0151k \u00e9s felhaszn\u00e1l\u00f3k alkot\u00f3i \u00e9s eszt\u00e9tikai n\u00e9zetei<\/li>\n<li>A <i>Z\u00f6ldutak <\/i>lehet\u0151s\u00e9get adnak a kisv\u00e1llalkoz\u00e1sok szolg\u00e1ltat\u00e1sainak fejleszt\u00e9s\u00e9re, emelik az adott helynek \u00e9s k\u00f6rny\u00e9k\u00e9nek gazdas\u00e1gi \u00e9rt\u00e9k\u00e9t.<\/li>\n<li>Az \u00fat kapu, amely bevezeti a term\u00e9szetet a v\u00e1rosban \u00e9s kiviszi a v\u00e1rosiakat a term\u00e9szetbe.<\/li>\n<li>Az \u00fat a helyi emberek tal\u00e1lkoz\u00f3hely\u00e9v\u00e9, k\u00f6z\u00f6s sport- \u00e9s \u00fcd\u00fcl\u0151hely\u00e9v\u00e9 v\u00e1lhat.<\/li>\n<li>Az eg\u00e9szs\u00e9ges mozg\u00e1s \u00e9s a biztons\u00e1gos k\u00f6zleked\u00e9s szimb\u00f3luma lehet.<\/li>\n<li>Kapcsolat\u00e9p\u00edt\u00e9si lehet\u0151s\u00e9geket ad a szomsz\u00e9dos telep\u00fcl\u00e9sek fel\u00e9.<\/li>\n<\/ul>\n<h3>Kiket\u00a0 is szolg\u00e1lnak a Z\u00f6ldutak?<\/h3>\n<ul>\n<li>Igaz\u00e1b\u00f3l minden \u00e1tgondolt Z\u00f6ld\u00fat k\u00f6nnyen megsz\u00f3l\u00edtja az egy\u00e9neket \u00e9s az \u00e9rdekcsoportokat egyar\u00e1nt, akik hozz\u00e1j\u00e1rulhatnak a c\u00e9lok el\u00e9r\u00e9s\u00e9hez.<\/li>\n<\/ul>\n<ul>\n<li>A <i>Z\u00f6ld\u00fat <\/i>eszm\u00e9je k\u00f6nnyen meg\u00e9rthet\u0151, gyakorlati eredm\u00e9nyei pedig meggy\u0151z\u0151ek.<\/li>\n<\/ul>\n<ul>\n<li>T\u00e1mogat\u00f3k\u00e9nt nemcsak a potenci\u00e1lis felhaszn\u00e1l\u00f3kat, de \u00e1ltal\u00e1ban a lakoss\u00e1g \u00e9letmin\u0151s\u00e9g\u00e9nek jav\u00edt\u00e1s\u00e1\u00e9rt felel\u0151s hivatalnokok is megnyerhet\u0151k a projekt elej\u00e9n<\/li>\n<\/ul>\n<ul>\n<li>A m\u00e9dia sz\u00edvesen tud\u00f3s\u00edt a z\u00f6ld\u00fattal kapcsolatos \u00e9rdekes t\u00f6rt\u00e9n\u00e9sekr\u0151l, ezzel felkeltik a sz\u00e9les nyilv\u00e1noss\u00e1g \u00e9rdekl\u0151d\u00e9s\u00e9t.<\/li>\n<\/ul>\n<p>&nbsp;<\/p>\n<p><em>2007.05.27.\u00a0\u00a0\u00a0\u00a0\u00a0\u00a0\u00a0\u00a0\u00a0\u00a0\u00a0\u00a0\u00a0\u00a0\u00a0\u00a0\u00a0\u00a0\u00a0\u00a0\u00a0\u00a0\u00a0\u00a0\u00a0\u00a0\u00a0\u00a0\u00a0\u00a0\u00a0\u00a0\u00a0\u00a0\u00a0\u00a0\u00a0\u00a0\u00a0\u00a0\u00a0\u00a0\u00a0\u00a0\u00a0\u00a0\u00a0\u00a0\u00a0\u00a0\u00a0\u00a0\u00a0\u00a0\u00a0\u00a0\u00a0\u00a0\u00a0\u00a0\u00a0\u00a0\u00a0\u00a0\u00a0\u00a0\u00a0\u00a0\u00a0\u00a0\u00a0\u00a0\u00a0\u00a0 \u00d6ssze\u00e1ll\u00edtotta: Tugyi M\u00e1ria<\/em><\/p>\n<\/div>\n","protected":false},"excerpt":{"rendered":"<p>A Buda Vid\u00e9k Z\u00f6ld\u00fat h\u00e1l\u00f3zat\u00a0 \u2013 egy\u00a0 hossz\u00fat\u00e1vra tervezhet\u0151 lehet\u0151s\u00e9g\u00a0 az itt \u00e9l\u0151k sz\u00e1m\u00e1ra ; els\u0151sorban a t\u00e9rs\u00e9g komplex\u00a0 turisztikai egy\u00fcttm\u0171k\u00f6d\u00e9s\u00e9nek tudatos\u00a0 kialak\u00edt\u00e1s\u00e1ra,\u00a0 olyan \u00fajfajta\u00a0 m\u00f3dszerek \u00e9s eszk\u00f6z\u00f6k felhaszn\u00e1l\u00e1s\u00e1val, melyek seg\u00edts\u00e9g\u00e9vel\u00a0 a tervezett\u00a0 Buda Vid\u00e9k Z\u00f6ld\u00fat projekt egyszerre v\u00e9dheti \u00e9s fejlesztheti a\u00a0 Buda Vid\u00e9ki T\u00e9rs\u00e9g 12\u00a0 telep\u00fcl\u00e9s\u00e9nek\u00a0 term\u00e9szeti, kultur\u00e1lis, gazdas\u00e1gi, \u00e9letm\u00f3dbeli \u00e9s k\u00f6z\u00f6ss\u00e9gi \u00e9rt\u00e9keit\u00a0 egy\u00a0 [&hellip;]<\/p>\n","protected":false},"author":1,"featured_media":0,"parent":0,"menu_order":0,"comment_status":"closed","ping_status":"closed","template":"","meta":{"footnotes":""},"class_list":["post-1801","page","type-page","status-publish","hentry"],"_links":{"self":[{"href":"https:\/\/kokukk.hu\/index.php?rest_route=\/wp\/v2\/pages\/1801","targetHints":{"allow":["GET"]}}],"collection":[{"href":"https:\/\/kokukk.hu\/index.php?rest_route=\/wp\/v2\/pages"}],"about":[{"href":"https:\/\/kokukk.hu\/index.php?rest_route=\/wp\/v2\/types\/page"}],"author":[{"embeddable":true,"href":"https:\/\/kokukk.hu\/index.php?rest_route=\/wp\/v2\/users\/1"}],"replies":[{"embeddable":true,"href":"https:\/\/kokukk.hu\/index.php?rest_route=%2Fwp%2Fv2%2Fcomments&post=1801"}],"version-history":[{"count":1,"href":"https:\/\/kokukk.hu\/index.php?rest_route=\/wp\/v2\/pages\/1801\/revisions"}],"predecessor-version":[{"id":1803,"href":"https:\/\/kokukk.hu\/index.php?rest_route=\/wp\/v2\/pages\/1801\/revisions\/1803"}],"wp:attachment":[{"href":"https:\/\/kokukk.hu\/index.php?rest_route=%2Fwp%2Fv2%2Fmedia&parent=1801"}],"curies":[{"name":"wp","href":"https:\/\/api.w.org\/{rel}","templated":true}]}}