{"id":1811,"date":"2023-03-08T15:48:04","date_gmt":"2023-03-08T14:48:04","guid":{"rendered":"https:\/\/kokukk.hu\/?page_id=1811"},"modified":"2023-03-08T15:48:04","modified_gmt":"2023-03-08T14:48:04","slug":"illegalis-hulladeklerakok-2","status":"publish","type":"page","link":"https:\/\/kokukk.hu\/?page_id=1811","title":{"rendered":"Illeg\u00e1lis hullad\u00e9klerak\u00f3k"},"content":{"rendered":"<p><strong>Kakas vagy a szem\u00e9tdombon?!<\/strong><\/p>\n<p><strong>Illeg\u00e1lis hullad\u00e9klerak\u00f3k felsz\u00e1mol\u00e1sa Telkiben<\/strong><\/p>\n<p>2006-ban illeg\u00e1lis hullad\u00e9klerak\u00f3k felsz\u00e1mol\u00e1s\u00e1ra is fel lehetett aj\u00e1nlani az SZJA 1%-\u00e1t. Az \u00f6sszegy\u0171lt keret felhaszn\u00e1l\u00e1s\u00e1ra a K\u00f6rnyezetv\u00e9delmi \u00e9s V\u00edz\u00fcgyi Miniszt\u00e9rium p\u00e1ly\u00e1zatot \u00edrt ki, amelyen a telki \u00f6nkorm\u00e1nyzat <strong>2,4 milli\u00f3 Ft<\/strong> k\u00f6lts\u00e9gvet\u00e9si t\u00e1mogat\u00e1st nyert az illeg\u00e1lisan lerakott hullad\u00e9k eltakar\u00edt\u00e1s\u00e1ra, a helysz\u00ednek rekultiv\u00e1ci\u00f3j\u00e1ra \u00e9s megel\u0151z\u00e9sre.<\/p>\n<p>El\u0151z\u0151 tud\u00f3s\u00edt\u00e1sunk \u00f3ta a lerak\u00f3k felsz\u00e1mol\u00e1s\u00e1ban r\u00e9szt vev\u0151 v\u00e1llalkoz\u00f3 (AVE Zrt.) r\u00e9szv\u00e9tel\u00e9vel ism\u00e9t v\u00e9gigj\u00e1rtuk a p\u00e1ly\u00e1zatban szerepl\u0151 helysz\u00edneket. Egy-k\u00e9t helyr\u0151l \u00f6rvendetes m\u00f3don elt\u0171nt a hullad\u00e9k, m\u00e1s lerak\u00f3k viszont lend\u00fcletesen gyarapodtak az eltelt f\u00e9l\u00e9v sor\u00e1n. Az illeg\u00e1lis hullad\u00e9k mennyis\u00e9ge \u00f6sszess\u00e9g\u00e9ben sajnos jelent\u0151sen meghaladta a febru\u00e1rban felm\u00e9rt \u00e1llapotot.<\/p>\n<p>Az illeg\u00e1lis hullad\u00e9klerak\u00f3k z\u00f6m\u00e9t az \u0151sz folyam\u00e1n az AVE Zrt. g\u00e9pei \u00e9s munk\u00e1sai eltakar\u00edtott\u00e1k a p\u00e1ly\u00e1zati keret erej\u00e9ig. (A szemetel\u00e9s sajnos igen dr\u00e1ga mulats\u00e1gnak \u00edg\u00e9rkezik.) Emellett<strong> okt\u00f3ber 11-\u00e9n<\/strong>, szombaton kupica p\u00e1link\u00e1val \u00e9s bogr\u00e1csoz\u00e1ssal b\u00e1tor\u00edtott tereprendez\u0151 akci\u00f3ra v\u00e1rtukaz \u00f6nk\u00e9ntes seg\u00edt\u0151ket a k\u00f6vetkez\u0151 helysz\u00edneken:<\/p>\n<p>1. Az \u00dcd\u00fcl\u0151falu \u00e9s az \u00d3falu k\u00f6zt elter\u00fcl\u0151 sz\u0151l\u0151hegyen <strong>lakoss\u00e1gi r\u00e9szv\u00e9tellel<\/strong> zajlott a kidob\u00e1lt kommun\u00e1lis hullad\u00e9k (jellemz\u0151en flakonok, dobozok, zacsk\u00f3k) \u00f6sszegy\u0171jt\u00e9se.<\/p>\n<p>2. K\u00e9t helyen (az eml\u00edtett sz\u0151l\u0151hegyi helysz\u00ednen illetve az erd\u0151 Fels\u0151-Becco f\u00f6l\u00f6tti bej\u00e1rat\u00e1n\u00e1l, ahol az \u00f3voda od\u00fatelepe is tal\u00e1lhat\u00f3) <strong>padokat \u00e9s t\u00e1j\u00e9koztat\u00f3 t\u00e1bl\u00e1kat<\/strong> \u00e1ll\u00edtottunk,<\/p>\n<p>3. az \u0150zike utca v\u00e9g\u00e9n\u00e9l pedig <strong>ker\u00edt\u00e9ssel \u00e9s t\u00e1bl\u00e1val<\/strong> lez\u00e1rtuk azt az \u00e1rkot, ahov\u00e1 az ut\u00f3bbi id\u0151ben mintegy <strong>30 k\u00f6bm\u00e9ter<\/strong> \u00e9p\u00edtkez\u00e9si \u00e9s h\u00e1ztart\u00e1si hullad\u00e9kot hordtak az arra j\u00e1r\u00f3k.<\/p>\n<p>Keres\u00fcnk a k\u00f6rny\u00e9ken lak\u00f3 csal\u00e1do(ka)t, akik v\u00e1llaln\u00e1k, hogy a bogr\u00e1csos eb\u00e9dhez t\u00e1ny\u00e9rt \u00e9s ev\u0151eszk\u00f6zt, asztalt, padot, poharat \u00e9s innival\u00f3t vinn\u00e9nek ki a helysz\u00ednre!<\/p>\n<p>V\u00e1rjuk azok jelentkez\u00e9s\u00e9t is, akik r\u00e9szt venn\u00e9nek a szervez\u00e9sben, a dokument\u00e1l\u00e1sban vagy az ut\u00f3munk\u00e1latokban: videofilm k\u00e9sz\u00edt\u00e9se \u00e9s v\u00e1g\u00e1sa a folyamatr\u00f3l, fot\u00f3z\u00e1s, tud\u00f3s\u00edt\u00e1s \u00edr\u00e1sa, kiadv\u00e1ny- \u00e9s blogszerkeszt\u00e9s, ki\u00e1ll\u00edt\u00e1s szervez\u00e9se az \u00edgy keletkez\u0151 anyagokb\u00f3l, a helysz\u00ednek ut\u00f3lagos bej\u00e1r\u00e1sa pl. kutyas\u00e9t\u00e1ltat\u00e1s, bicikliz\u00e9s vagy fut\u00e1s k\u00f6zben, stb.<\/p>\n<p>Az akci\u00f3 r\u00e9szleteir\u0151l folyamatosan t\u00e1j\u00e9koz\u00f3dhat, komment\u00e1lhat \u00e9s javasolhat a k\u00f6vetkez\u0151 blogon: <a href=\"http:\/\/zoldtelki.blogspot.com\/\">http:\/\/zoldtelki.blogspot.com\/<\/a><\/p>\n<p>Bellon Erika<br \/>\nKokukk Egyes\u00fclet<\/p>\n<p>(Friss\u00edtve: 2014 jan.)<\/p>\n","protected":false},"excerpt":{"rendered":"<p>Kakas vagy a szem\u00e9tdombon?! Illeg\u00e1lis hullad\u00e9klerak\u00f3k felsz\u00e1mol\u00e1sa Telkiben 2006-ban illeg\u00e1lis hullad\u00e9klerak\u00f3k felsz\u00e1mol\u00e1s\u00e1ra is fel lehetett aj\u00e1nlani az SZJA 1%-\u00e1t. Az \u00f6sszegy\u0171lt keret felhaszn\u00e1l\u00e1s\u00e1ra a K\u00f6rnyezetv\u00e9delmi \u00e9s V\u00edz\u00fcgyi Miniszt\u00e9rium p\u00e1ly\u00e1zatot \u00edrt ki, amelyen a telki \u00f6nkorm\u00e1nyzat 2,4 milli\u00f3 Ft k\u00f6lts\u00e9gvet\u00e9si t\u00e1mogat\u00e1st nyert az illeg\u00e1lisan lerakott hullad\u00e9k eltakar\u00edt\u00e1s\u00e1ra, a helysz\u00ednek rekultiv\u00e1ci\u00f3j\u00e1ra \u00e9s megel\u0151z\u00e9sre. El\u0151z\u0151 tud\u00f3s\u00edt\u00e1sunk \u00f3ta a [&hellip;]<\/p>\n","protected":false},"author":1,"featured_media":0,"parent":0,"menu_order":0,"comment_status":"closed","ping_status":"closed","template":"","meta":{"footnotes":""},"class_list":["post-1811","page","type-page","status-publish","hentry"],"_links":{"self":[{"href":"https:\/\/kokukk.hu\/index.php?rest_route=\/wp\/v2\/pages\/1811","targetHints":{"allow":["GET"]}}],"collection":[{"href":"https:\/\/kokukk.hu\/index.php?rest_route=\/wp\/v2\/pages"}],"about":[{"href":"https:\/\/kokukk.hu\/index.php?rest_route=\/wp\/v2\/types\/page"}],"author":[{"embeddable":true,"href":"https:\/\/kokukk.hu\/index.php?rest_route=\/wp\/v2\/users\/1"}],"replies":[{"embeddable":true,"href":"https:\/\/kokukk.hu\/index.php?rest_route=%2Fwp%2Fv2%2Fcomments&post=1811"}],"version-history":[{"count":1,"href":"https:\/\/kokukk.hu\/index.php?rest_route=\/wp\/v2\/pages\/1811\/revisions"}],"predecessor-version":[{"id":1813,"href":"https:\/\/kokukk.hu\/index.php?rest_route=\/wp\/v2\/pages\/1811\/revisions\/1813"}],"wp:attachment":[{"href":"https:\/\/kokukk.hu\/index.php?rest_route=%2Fwp%2Fv2%2Fmedia&parent=1811"}],"curies":[{"name":"wp","href":"https:\/\/api.w.org\/{rel}","templated":true}]}}