{"id":1814,"date":"2023-03-08T15:48:37","date_gmt":"2023-03-08T14:48:37","guid":{"rendered":"https:\/\/kokukk.hu\/?page_id=1814"},"modified":"2023-09-11T09:13:38","modified_gmt":"2023-09-11T08:13:38","slug":"vasar-napok-2014-ben-is","status":"publish","type":"page","link":"https:\/\/kokukk.hu\/?page_id=1814","title":{"rendered":"V\u00e1s\u00e1r-napok 2023-ban is!"},"content":{"rendered":"<p><a href=\"https:\/\/kokukk.hu\/wp-content\/uploads\/2023\/03\/vasarnap_kokukk.jpg\"><img loading=\"lazy\" decoding=\"async\" class=\"size-full wp-image-1815 alignleft\" src=\"https:\/\/kokukk.hu\/wp-content\/uploads\/2023\/03\/vasarnap_kokukk.jpg\" alt=\"\" width=\"400\" height=\"266\" srcset=\"https:\/\/kokukk.hu\/wp-content\/uploads\/2023\/03\/vasarnap_kokukk.jpg 400w, https:\/\/kokukk.hu\/wp-content\/uploads\/2023\/03\/vasarnap_kokukk-300x200.jpg 300w, https:\/\/kokukk.hu\/wp-content\/uploads\/2023\/03\/vasarnap_kokukk-331x220.jpg 331w\" sizes=\"auto, (max-width: 400px) 100vw, 400px\" \/><\/a>A V\u00e1s\u00e1r-napok, Telki helyi termel\u0151i piaca 2023-ban is szeretettel v\u00e1rja v\u00e1s\u00e1rl\u00f3it! A piacnapok id\u0151pontjai, k\u00e9thetente folyamatosan.<\/p>\n<p>Kaphat\u00f3ak sert\u00e9sh\u00fasb\u00f3l k\u00e9sz\u00fclt k\u00fcl\u00f6nf\u00e9le f\u00fcst\u00f6lt \u00e1ruk, friss v\u00e1gott baromfi, k\u00fcl\u00f6nf\u00e9le friss \u00e9s \u00e9rlelt sajtok, m\u00e1s tejterm\u00e9kek, m\u00e9zek, lekv\u00e1rok \u00e9s sz\u00f6rp\u00f6k, h\u00e1zi k\u00e9sz\u00edt\u00e9s\u0171 p\u00e9k\u00e1ruk, sz\u00e1razt\u00e9szt\u00e1k, id\u00e9nyz\u00f6lds\u00e9gek \u00e9s savany\u00fas\u00e1gok, z\u00f6lds\u00e9gk\u00e9sz\u00edtm\u00e9nyek, szezonban v\u00e1gott vir\u00e1gok \u00e9s pal\u00e1nt\u00e1k, \u00e9s sok m\u00e1s term\u00e9k.<\/p>\n<p>&nbsp;<\/p>\n<p><a href=\"https:\/\/kokukk.hu\/wp-content\/uploads\/2023\/09\/kokukk_piac_szorolap_2023_A4-scaled.jpg\" target=\"_blank\" rel=\"noopener\"><img loading=\"lazy\" decoding=\"async\" class=\"aligncenter wp-image-1898 size-large\" src=\"https:\/\/kokukk.hu\/wp-content\/uploads\/2023\/09\/kokukk_piac_szorolap_2023_A4-724x1024.jpg\" alt=\"\" width=\"665\" height=\"941\" srcset=\"https:\/\/kokukk.hu\/wp-content\/uploads\/2023\/09\/kokukk_piac_szorolap_2023_A4-724x1024.jpg 724w, https:\/\/kokukk.hu\/wp-content\/uploads\/2023\/09\/kokukk_piac_szorolap_2023_A4-212x300.jpg 212w, https:\/\/kokukk.hu\/wp-content\/uploads\/2023\/09\/kokukk_piac_szorolap_2023_A4-768x1086.jpg 768w, https:\/\/kokukk.hu\/wp-content\/uploads\/2023\/09\/kokukk_piac_szorolap_2023_A4-1086x1536.jpg 1086w, https:\/\/kokukk.hu\/wp-content\/uploads\/2023\/09\/kokukk_piac_szorolap_2023_A4-1448x2048.jpg 1448w, https:\/\/kokukk.hu\/wp-content\/uploads\/2023\/09\/kokukk_piac_szorolap_2023_A4-156x220.jpg 156w, https:\/\/kokukk.hu\/wp-content\/uploads\/2023\/09\/kokukk_piac_szorolap_2023_A4-scaled.jpg 1810w\" sizes=\"auto, (max-width: 665px) 100vw, 665px\" \/><\/a><\/p>\n","protected":false},"excerpt":{"rendered":"<p>A V\u00e1s\u00e1r-napok, Telki helyi termel\u0151i piaca 2023-ban is szeretettel v\u00e1rja v\u00e1s\u00e1rl\u00f3it! A piacnapok id\u0151pontjai, k\u00e9thetente folyamatosan. Kaphat\u00f3ak sert\u00e9sh\u00fasb\u00f3l k\u00e9sz\u00fclt k\u00fcl\u00f6nf\u00e9le f\u00fcst\u00f6lt \u00e1ruk, friss v\u00e1gott baromfi, k\u00fcl\u00f6nf\u00e9le friss \u00e9s \u00e9rlelt sajtok, m\u00e1s tejterm\u00e9kek, m\u00e9zek, lekv\u00e1rok \u00e9s sz\u00f6rp\u00f6k, h\u00e1zi k\u00e9sz\u00edt\u00e9s\u0171 p\u00e9k\u00e1ruk, sz\u00e1razt\u00e9szt\u00e1k, id\u00e9nyz\u00f6lds\u00e9gek \u00e9s savany\u00fas\u00e1gok, z\u00f6lds\u00e9gk\u00e9sz\u00edtm\u00e9nyek, szezonban v\u00e1gott vir\u00e1gok \u00e9s pal\u00e1nt\u00e1k, \u00e9s sok m\u00e1s term\u00e9k. &nbsp;<\/p>\n","protected":false},"author":1,"featured_media":0,"parent":0,"menu_order":0,"comment_status":"closed","ping_status":"closed","template":"","meta":{"footnotes":""},"class_list":["post-1814","page","type-page","status-publish","hentry"],"_links":{"self":[{"href":"https:\/\/kokukk.hu\/index.php?rest_route=\/wp\/v2\/pages\/1814","targetHints":{"allow":["GET"]}}],"collection":[{"href":"https:\/\/kokukk.hu\/index.php?rest_route=\/wp\/v2\/pages"}],"about":[{"href":"https:\/\/kokukk.hu\/index.php?rest_route=\/wp\/v2\/types\/page"}],"author":[{"embeddable":true,"href":"https:\/\/kokukk.hu\/index.php?rest_route=\/wp\/v2\/users\/1"}],"replies":[{"embeddable":true,"href":"https:\/\/kokukk.hu\/index.php?rest_route=%2Fwp%2Fv2%2Fcomments&post=1814"}],"version-history":[{"count":5,"href":"https:\/\/kokukk.hu\/index.php?rest_route=\/wp\/v2\/pages\/1814\/revisions"}],"predecessor-version":[{"id":1901,"href":"https:\/\/kokukk.hu\/index.php?rest_route=\/wp\/v2\/pages\/1814\/revisions\/1901"}],"wp:attachment":[{"href":"https:\/\/kokukk.hu\/index.php?rest_route=%2Fwp%2Fv2%2Fmedia&parent=1814"}],"curies":[{"name":"wp","href":"https:\/\/api.w.org\/{rel}","templated":true}]}}