{"id":23,"date":"2014-01-04T20:34:55","date_gmt":"2014-01-04T20:34:55","guid":{"rendered":"https:\/\/kokukk.hu\/?page_id=23"},"modified":"2014-01-04T20:36:02","modified_gmt":"2014-01-04T20:36:02","slug":"az-elso-alkalom","status":"publish","type":"page","link":"https:\/\/kokukk.hu\/?page_id=23","title":{"rendered":"Az els\u0151 alkalom"},"content":{"rendered":"<p style=\"text-align: center;\"><strong>V\u00e1s\u00e1r-nap a Pajt\u00e1n\u00e1l (2011.09.10. szombat)<\/strong><\/p>\n<p style=\"text-align: left;\">Nagy \u00f6r\u00f6mmel \u00e9s n\u00e9mi izgalommal \u2013 elj\u00f6nnek az \u00e1rusok? lesz-e el\u00e9g v\u00e1s\u00e1rl\u00f3? \u2013 v\u00e1rta a lelkes \u201epiacos\u201d csapat az els\u0151 telki \u201eV\u00e1s\u00e1r-napot\u201d. Az \u00e1rusok id\u0151ben meg\u00e9rkeztek, kipakoltak, \u00edgy szeptember 10-\u00e9n reggel a Kokukk Egyes\u00fclet szervez\u00e9s\u00e9ben, az \u00d6nkorm\u00e1nyzat t\u00e1mogat\u00e1s\u00e1val megnyitotta kapuit a Pajta el\u0151tti t\u00e9ren a v\u00e1s\u00e1r. \u00c9rkezett h\u00fas\u00e1rus T\u00f6kr\u0151l, Etyekr\u0151l, Kecelr\u0151l, mangalica term\u00e9k Biatorb\u00e1gyr\u00f3l, tejterm\u00e9k \u00c9rdr\u0151l, gomba T\u00f6r\u00f6kb\u00e1lintr\u00f3l, m\u00e9z P\u00e1tyr\u00f3l \u00e9s Budapestr\u0151l, z\u00f6lds\u00e9g-gy\u00fcm\u00f6lcs Bicsk\u00e9r\u0151l, Perb\u00e1lr\u00f3l \u00e9s Dunaharasztib\u00f3l, gy\u00f3gyn\u00f6v\u00e9ny- \u00e9s vir\u00e1gsz\u00f6rp\u00f6k, lekv\u00e1rok Etyekr\u0151l. A vir\u00e1got egy igazi dunaharaszti bolg\u00e1rkert\u00e9sz k\u00edn\u00e1lta. A budajen\u0151i Rakottkert f\u0151z\u0151iskola s\u00fctem\u00e9nnyel, c\u00e9klachutneyvel mutatkozott be. Megismerhett\u00fcnk egy sz\u00e1mos d\u00edjjal b\u00fcszk\u00e9lked\u0151 magyar eg\u00e9szs\u00e9gv\u00e9d\u0151 f\u0171szers\u00f3t, a Viveg\u00e1t.<\/p>\n<p>Reggel nyolc \u00f3ra k\u00f6r\u00fcl meg\u00e9rkeztek az els\u0151 v\u00e1s\u00e1rl\u00f3k, kos\u00e1rral a kez\u00fckben. Majd egyre t\u00f6bben\u2026 d\u00e9lig szinte folyamatosan. El\u0151sz\u00f6r csak n\u00e9zegett\u00e9k, mustr\u00e1lgatt\u00e1k a port\u00e9k\u00e1t, ismerkedtek az \u00e1rusokkal, majd egyre nehezebbek lettek a kosarak. A legnagyobb keletje a sajtoknak \u00e9s a barna csiperk\u00e9nek volt (ebb\u0151l m\u00e9g ut\u00e1np\u00f3tl\u00e1s is \u00e9rkezett a d\u00e9lel\u0151tt folyam\u00e1n), de fogyott a t\u00f6bbi term\u00e9k is. J\u00f3 volt l\u00e1tni, ahogy a v\u00e1s\u00e1rl\u00f3k meg\u00e1lltak besz\u00e9lgetni a termel\u0151kkel, az \u00e1rusok sz\u00edvesen mes\u00e9ltek a gazdas\u00e1gukr\u00f3l, dics\u00e9rt\u00e9k port\u00e9k\u00e1jukat. Volt id\u0151 ismer\u0151s\u00f6kkel is egy-k\u00e9t sz\u00f3t v\u00e1ltani, elpletyk\u00e1lni a falu dolgait. Sokan gyerekekkel j\u00f6ttek, akik vid\u00e1man szaladg\u00e1ltak, mik\u00f6zben sz\u00fcleik n\u00e9zel\u0151dtek, v\u00e1s\u00e1roltak, az id\u0151sebbek pedig a v\u00e1s\u00e1rl\u00e1s ut\u00e1n a padokon megpihenve besz\u00e9lgettek. Igazi hajdani piacos hangulat alakult ki.<\/p>\n<p>A V\u00e1s\u00e1r-nap kett\u0151s c\u00e9lt szolg\u00e1l: egyr\u00e9szt szeretn\u00e9 megismertetni, n\u00e9pszer\u0171s\u00edteni a k\u00f6rny\u00e9k\u00fcnk\u00f6n \u00e9l\u0151 helyi termel\u0151ket, ez\u00e1ltal seg\u00edtve, t\u00e1mogatva \u0151ket, m\u00e1sr\u00e9szt \u2013 \u00e9s ez nem m\u00e1sodlagos szempont \u2013 hozz\u00e1juttatni a v\u00e1s\u00e1rl\u00f3kat a friss, eg\u00e9szs\u00e9ges, helyben termelt, min\u0151s\u00e9gi \u00e9lelmiszerhez, alapanyagokhoz. J\u00f3 lenne, ha ism\u00e9t visszat\u00e9rhetne a termel\u0151 \u00e9s fogyaszt\u00f3 k\u00f6zvetlen kapcsolata, olyan gazdas\u00e1gokb\u00f3l v\u00e1s\u00e1rolhatn\u00e1nk, amit ismernek, egym\u00e1snak aj\u00e1nlanak az emberek. Ez\u00e9rt \u00f6r\u00fcln\u00e9nk a l\u00e1togat\u00f3i, v\u00e1s\u00e1rl\u00f3i visszajelz\u00e9seknek, melyik term\u00e9k \u00edzlett a legjobban, mi az, ami m\u00e9g hi\u00e1nyzott a v\u00e1s\u00e1rb\u00f3l. \u00c9szrev\u00e9teleiket a janosiek@t-online.hu emailc\u00edmre v\u00e1rjuk.<\/p>\n<p>B\u00edzunk benne, hogy a szombati V\u00e1s\u00e1r-napok ugyanilyen j\u00f3 hangulatban folytat\u00f3dnak k\u00e9thetente a Pajta el\u0151tt, rossz id\u0151 eset\u00e9n a Pajt\u00e1ban. L\u00e1togassuk a v\u00e1s\u00e1rt, alkalmazkodjunk a helyi term\u00e9kek id\u00e9nyjelleg\u00e9hez, ez\u00e1ltal is hozz\u00e1j\u00e1rulva eg\u00e9szs\u00e9g\u00fcnk meg\u0151rz\u00e9s\u00e9hez \u00e9s a k\u00f6rnyezet\u00fcnk v\u00e9delm\u00e9hez.<\/p>\n<p style=\"text-align: right;\">J\u00e1nosi Csilla<\/p>\n","protected":false},"excerpt":{"rendered":"<p>V\u00e1s\u00e1r-nap a Pajt\u00e1n\u00e1l (2011.09.10. szombat) Nagy \u00f6r\u00f6mmel \u00e9s n\u00e9mi izgalommal \u2013 elj\u00f6nnek az \u00e1rusok? lesz-e el\u00e9g v\u00e1s\u00e1rl\u00f3? \u2013 v\u00e1rta a lelkes \u201epiacos\u201d csapat az els\u0151 telki \u201eV\u00e1s\u00e1r-napot\u201d. Az \u00e1rusok id\u0151ben meg\u00e9rkeztek, kipakoltak, \u00edgy szeptember 10-\u00e9n reggel a Kokukk Egyes\u00fclet szervez\u00e9s\u00e9ben, az \u00d6nkorm\u00e1nyzat t\u00e1mogat\u00e1s\u00e1val megnyitotta kapuit a Pajta el\u0151tti t\u00e9ren a v\u00e1s\u00e1r. \u00c9rkezett h\u00fas\u00e1rus T\u00f6kr\u0151l, Etyekr\u0151l, [&hellip;]<\/p>\n","protected":false},"author":1,"featured_media":0,"parent":21,"menu_order":0,"comment_status":"open","ping_status":"open","template":"","meta":{"footnotes":""},"class_list":["post-23","page","type-page","status-publish","hentry"],"_links":{"self":[{"href":"https:\/\/kokukk.hu\/index.php?rest_route=\/wp\/v2\/pages\/23","targetHints":{"allow":["GET"]}}],"collection":[{"href":"https:\/\/kokukk.hu\/index.php?rest_route=\/wp\/v2\/pages"}],"about":[{"href":"https:\/\/kokukk.hu\/index.php?rest_route=\/wp\/v2\/types\/page"}],"author":[{"embeddable":true,"href":"https:\/\/kokukk.hu\/index.php?rest_route=\/wp\/v2\/users\/1"}],"replies":[{"embeddable":true,"href":"https:\/\/kokukk.hu\/index.php?rest_route=%2Fwp%2Fv2%2Fcomments&post=23"}],"version-history":[{"count":2,"href":"https:\/\/kokukk.hu\/index.php?rest_route=\/wp\/v2\/pages\/23\/revisions"}],"predecessor-version":[{"id":27,"href":"https:\/\/kokukk.hu\/index.php?rest_route=\/wp\/v2\/pages\/23\/revisions\/27"}],"up":[{"embeddable":true,"href":"https:\/\/kokukk.hu\/index.php?rest_route=\/wp\/v2\/pages\/21"}],"wp:attachment":[{"href":"https:\/\/kokukk.hu\/index.php?rest_route=%2Fwp%2Fv2%2Fmedia&parent=23"}],"curies":[{"name":"wp","href":"https:\/\/api.w.org\/{rel}","templated":true}]}}